{"id":21136,"date":"2022-07-01T05:20:23","date_gmt":"2022-07-01T05:20:23","guid":{"rendered":"https:\/\/www.coraplast.com\/coraplast-quality\/"},"modified":"2025-10-08T08:50:45","modified_gmt":"2025-10-08T08:50:45","slug":"coraplast-quality","status":"publish","type":"page","link":"https:\/\/www.coraplast.com\/es\/coraplast-quality\/","title":{"rendered":"Coraplast Quality"},"content":{"rendered":"<p>[vc_row css_animation=\u00bb\u00bb row_type=\u00bbrow\u00bb use_row_as_full_screen_section=\u00bbno\u00bb type=\u00bbfull_width\u00bb angled_section=\u00bbno\u00bb text_align=\u00bbleft\u00bb background_image_as_pattern=\u00bbwithout_pattern\u00bb background_color=\u00bb#ffffff\u00bb anchor=\u00bbhome\u00bb z_index=\u00bb\u00bb css=\u00bb.vc_custom_1656225316001{background-position: center !important;background-repeat: no-repeat !important;background-size: cover !important;}\u00bb][vc_column css=\u00bb.vc_custom_1657042449197{padding-right: 150px !important;padding-left: 150px !important;}\u00bb offset=\u00bbvc_hidden-sm vc_hidden-xs\u00bb][vc_empty_space height=\u00bb100px\u00bb][\/vc_column][\/vc_row][vc_row css_animation=\u00bb\u00bb row_type=\u00bbrow\u00bb use_row_as_full_screen_section=\u00bbno\u00bb type=\u00bbfull_width\u00bb angled_section=\u00bbno\u00bb text_align=\u00bbleft\u00bb background_image_as_pattern=\u00bbwithout_pattern\u00bb background_color=\u00bb#ffffff\u00bb anchor=\u00bbhome\u00bb z_index=\u00bb\u00bb css=\u00bb.vc_custom_1656225316001{background-position: center !important;background-repeat: no-repeat !important;background-size: cover !important;}\u00bb][vc_column][vc_single_image image=\u00bb20280&#8243; img_size=\u00bbfull\u00bb qode_css_animation=\u00bb\u00bb][\/vc_column][\/vc_row][vc_row css_animation=\u00bb\u00bb row_type=\u00bbrow\u00bb use_row_as_full_screen_section=\u00bbno\u00bb type=\u00bbfull_width\u00bb angled_section=\u00bbno\u00bb text_align=\u00bbleft\u00bb background_image_as_pattern=\u00bbwithout_pattern\u00bb background_color=\u00bb#ffffff\u00bb anchor=\u00bbhome\u00bb z_index=\u00bb\u00bb css=\u00bb.vc_custom_1656225316001{background-position: center !important;background-repeat: no-repeat !important;background-size: cover !important;}\u00bb][vc_column css=\u00bb.vc_custom_1657117619578{padding-right: 150px !important;padding-left: 150px !important;}\u00bb offset=\u00bbvc_hidden-sm vc_hidden-xs\u00bb][vc_empty_space height=\u00bb100px\u00bb][vc_column_text]<\/p>\n<h2>Calidad<\/h2>\n<p>[\/vc_column_text][\/vc_column][\/vc_row][vc_row css_animation=\u00bb\u00bb row_type=\u00bbrow\u00bb use_row_as_full_screen_section=\u00bbno\u00bb type=\u00bbfull_width\u00bb angled_section=\u00bbno\u00bb text_align=\u00bbleft\u00bb background_image_as_pattern=\u00bbwithout_pattern\u00bb background_color=\u00bb#ffffff\u00bb anchor=\u00bbhome\u00bb z_index=\u00bb\u00bb css=\u00bb.vc_custom_1656225316001{background-position: center !important;background-repeat: no-repeat !important;background-size: cover !important;}\u00bb][vc_column css=\u00bb.vc_custom_1657117633341{padding-right: 50px !important;padding-left: 50px !important;}\u00bb offset=\u00bbvc_hidden-lg vc_hidden-md\u00bb][vc_empty_space height=\u00bb100px\u00bb][vc_column_text]<\/p>\n<h2>Calidad<\/h2>\n<p>[\/vc_column_text][\/vc_column][\/vc_row][vc_row css_animation=\u00bb\u00bb row_type=\u00bbrow\u00bb use_row_as_full_screen_section=\u00bbno\u00bb type=\u00bbfull_width\u00bb angled_section=\u00bbno\u00bb text_align=\u00bbleft\u00bb background_image_as_pattern=\u00bbwithout_pattern\u00bb background_color=\u00bb#ffffff\u00bb anchor=\u00bbhome\u00bb z_index=\u00bb\u00bb][vc_column css=\u00bb.vc_custom_1657117647894{padding-right: 150px !important;padding-left: 150px !important;}\u00bb offset=\u00bbvc_hidden-sm vc_hidden-xs\u00bb][vc_empty_space height=\u00bb50px\u00bb][vc_column_text]<\/p>\n<h4 style=\"text-align: left;\">Creemos que la clave para consolidar los cimientos de una marca responsable reside en alcanzar constantemente altos niveles de calidad en todo lo que hacemos.<\/h4>\n<p>[\/vc_column_text][vc_empty_space height=\u00bb20px\u00bb][vc_column_text]Nuestro sistema de gesti\u00f3n de la calidad, sigue controles sistem\u00e1ticos para cumplir sistem\u00e1ticamente las normas de calidad.<\/p>\n<p>A lo largo de los a\u00f1os, hemos invertido en el principal proveedor mundial de m\u00e1quinas de ensayo de materiales, lo que garantiza unos resultados de m\u00e1xima confianza y fiabilidad.[\/vc_column_text][vc_empty_space height=\u00bb50px\u00bb][vc_single_image image=\u00bb27484&#8243; img_size=\u00bbfull\u00bb qode_css_animation=\u00bb\u00bb][vc_empty_space height=\u00bb100px\u00bb][vc_column_text]<\/p>\n<h3>Cumplimiento de los sistemas de calidad<\/h3>\n<p>[\/vc_column_text][vc_empty_space height=\u00bb20px\u00bb][vc_column_text]<\/p>\n<ul>\n<li>Sistema de gesti\u00f3n de la calidad ISO 9001:2015<\/li>\n<li>ISO 14001:2015 Sistema de gesti\u00f3n medioambiental<\/li>\n<li>ISO 45001:2018 Sistema de gesti\u00f3n de la seguridad y la salud en el trabajo<\/li>\n<li>EcoVadis : Bronce en la calificaci\u00f3n de sostenibilidad<\/li>\n<li>Oeko-Tex : Pasaporte ecol\u00f3gico<\/li>\n<\/ul>\n<p>[\/vc_column_text][vc_empty_space height=\u00bb100px\u00bb][\/vc_column][\/vc_row][vc_row css_animation=\u00bb\u00bb row_type=\u00bbrow\u00bb use_row_as_full_screen_section=\u00bbno\u00bb type=\u00bbfull_width\u00bb angled_section=\u00bbno\u00bb text_align=\u00bbleft\u00bb background_image_as_pattern=\u00bbwithout_pattern\u00bb background_color=\u00bb#ffffff\u00bb anchor=\u00bbhome\u00bb z_index=\u00bb\u00bb][vc_column css=\u00bb.vc_custom_1657541467757{padding-right: 50px !important;padding-left: 50px !important;}\u00bb offset=\u00bbvc_hidden-lg vc_hidden-md\u00bb][vc_empty_space height=\u00bb50px\u00bb][vc_column_text]<\/p>\n<h4 style=\"text-align: left;\">Creemos que la clave para consolidar los cimientos de una marca responsable reside en alcanzar constantemente altos niveles de calidad en todo lo que hacemos.<\/h4>\n<p>[\/vc_column_text][vc_empty_space height=\u00bb20px\u00bb][vc_column_text]Nuestro sistema de gesti\u00f3n de la calidad, sigue controles sistem\u00e1ticos para cumplir sistem\u00e1ticamente las normas de calidad.<\/p>\n<p>A lo largo de los a\u00f1os, hemos invertido en el principal proveedor mundial de m\u00e1quinas de ensayo de materiales, lo que garantiza unos resultados de m\u00e1xima confianza y fiabilidad.[\/vc_column_text][vc_empty_space height=\u00bb50px\u00bb][vc_single_image image=\u00bb27484&#8243; img_size=\u00bbfull\u00bb qode_css_animation=\u00bb\u00bb][vc_empty_space height=\u00bb100px\u00bb][vc_column_text]<\/p>\n<h3>Cumplimiento de los sistemas de calidad<\/h3>\n<p>[\/vc_column_text][vc_empty_space height=\u00bb20px\u00bb][vc_column_text]<\/p>\n<ul>\n<li>Sistema de gesti\u00f3n de la calidad ISO 9001:2015<\/li>\n<li>ISO 14001:2015 Sistema de gesti\u00f3n medioambiental<\/li>\n<li>ISO 45001:2018 Sistema de gesti\u00f3n de la seguridad y la salud en el trabajo<\/li>\n<\/ul>\n<p>[\/vc_column_text][vc_empty_space height=\u00bb100px\u00bb][\/vc_column][\/vc_row][vc_row css_animation=\u00bb\u00bb row_type=\u00bbrow\u00bb use_row_as_full_screen_section=\u00bbno\u00bb type=\u00bbfull_width\u00bb angled_section=\u00bbno\u00bb text_align=\u00bbleft\u00bb background_image_as_pattern=\u00bbwithout_pattern\u00bb background_color=\u00bb#ffffff\u00bb anchor=\u00bbhome\u00bb z_index=\u00bb\u00bb][vc_column width=\u00bb1\/3&#8243; css=\u00bb.vc_custom_1655548517546{padding-right: 150px !important;padding-left: 150px !important;}\u00bb][vc_single_image image=\u00bb27535&#8243; img_size=\u00bbfull\u00bb qode_css_animation=\u00bb\u00bb][vc_empty_space height=\u00bb20px\u00bb][\/vc_column][vc_column width=\u00bb1\/3&#8243; css=\u00bb.vc_custom_1656653493331{padding-right: 150px !important;padding-left: 150px !important;}\u00bb][vc_single_image image=\u00bb27536&#8243; img_size=\u00bbfull\u00bb qode_css_animation=\u00bb\u00bb][vc_empty_space height=\u00bb20px\u00bb][\/vc_column][vc_column width=\u00bb1\/3&#8243; css=\u00bb.vc_custom_1656653498850{padding-right: 150px !important;padding-left: 150px !important;}\u00bb][vc_single_image image=\u00bb27537&#8243; img_size=\u00bbfull\u00bb qode_css_animation=\u00bb\u00bb][vc_empty_space height=\u00bb20px\u00bb][\/vc_column][\/vc_row][vc_row css_animation=\u00bb\u00bb row_type=\u00bbrow\u00bb use_row_as_full_screen_section=\u00bbno\u00bb type=\u00bbfull_width\u00bb angled_section=\u00bbno\u00bb text_align=\u00bbleft\u00bb background_image_as_pattern=\u00bbwithout_pattern\u00bb background_color=\u00bb#ffffff\u00bb anchor=\u00bbhome\u00bb z_index=\u00bb\u00bb css=\u00bb.vc_custom_1656225316001{background-position: center !important;background-repeat: no-repeat !important;background-size: cover !important;}\u00bb][vc_column css=\u00bb.vc_custom_1655539968253{padding-right: 150px !important;padding-left: 150px !important;}\u00bb][vc_empty_space height=\u00bb80px\u00bb][\/vc_column][\/vc_row][vc_row css_animation=\u00bb\u00bb row_type=\u00bbrow\u00bb use_row_as_full_screen_section=\u00bbno\u00bb type=\u00bbfull_width\u00bb angled_section=\u00bbno\u00bb text_align=\u00bbleft\u00bb background_image_as_pattern=\u00bbwithout_pattern\u00bb background_color=\u00bb#ffffff\u00bb anchor=\u00bbhome\u00bb z_index=\u00bb\u00bb css=\u00bb.vc_custom_1656316223499{background-image: url(https:\/\/www.coraplast.com\/wp-content\/uploads\/2022\/06\/lets-get-banner.png?id=16368) !important;background-position: center !important;background-repeat: no-repeat !important;background-size: cover !important;}\u00bb][vc_column css=\u00bb.vc_custom_1657031369193{padding-right: 150px !important;padding-left: 150px !important;}\u00bb offset=\u00bbvc_hidden-sm vc_hidden-xs\u00bb][vc_empty_space height=\u00bb100px\u00bb][vc_column_text]<\/p>\n<h3>Conect\u00e9monos.<\/h3>\n<p>[\/vc_column_text][vc_empty_space height=\u00bb25px\u00bb][vc_column_text]<\/p>\n<h4 style=\"text-align: left;\">P\u00f3ngase en contacto con Coraplast para desarrollar soluciones espec\u00edficas.<\/h4>\n<p>[\/vc_column_text][vc_empty_space height=\u00bb25px\u00bb]<a  itemprop=\"url\" href=\"https:\/\/www.coraplast.com\/es\/coraplast-contact\/\" target=\"_self\" data-hover-border-color='#1abc9c' data-hover-color='#000000' class=\"qbutton  large default\" style=\"color: #ffffff; border-color: #1abc9c; background-color: #1abc9c;\">Contacte con nosotros<\/a>[vc_empty_space height=\u00bb100px\u00bb][\/vc_column][\/vc_row][vc_row css_animation=\u00bb\u00bb row_type=\u00bbrow\u00bb use_row_as_full_screen_section=\u00bbno\u00bb type=\u00bbfull_width\u00bb angled_section=\u00bbno\u00bb text_align=\u00bbleft\u00bb background_image_as_pattern=\u00bbwithout_pattern\u00bb background_color=\u00bb#ffffff\u00bb anchor=\u00bbhome\u00bb z_index=\u00bb\u00bb css=\u00bb.vc_custom_1656316223499{background-image: url(https:\/\/www.coraplast.com\/wp-content\/uploads\/2022\/06\/lets-get-banner.png?id=16368) !important;background-position: center !important;background-repeat: no-repeat !important;background-size: cover !important;}\u00bb][vc_column css=\u00bb.vc_custom_1657031361200{padding-right: 50px !important;padding-left: 50px !important;}\u00bb offset=\u00bbvc_hidden-lg vc_hidden-md\u00bb][vc_empty_space height=\u00bb100px\u00bb][vc_column_text]<\/p>\n<h3>Conect\u00e9monos.<\/h3>\n<p>[\/vc_column_text][vc_empty_space height=\u00bb25px\u00bb][vc_column_text]<\/p>\n<h4 style=\"text-align: left;\">P\u00f3ngase en contacto con Coraplast para desarrollar soluciones espec\u00edficas.<\/h4>\n<p>[\/vc_column_text][vc_empty_space height=\u00bb25px\u00bb]<a  itemprop=\"url\" href=\"https:\/\/www.coraplast.com\/es\/coraplast-contact\/\" target=\"_self\" data-hover-border-color='#1abc9c' data-hover-color='#000000' class=\"qbutton  large default\" style=\"color: #ffffff; border-color: #1abc9c; background-color: #1abc9c;\">Contacte con nosotros<\/a>[vc_empty_space height=\u00bb100px\u00bb][\/vc_column][\/vc_row][vc_row css_animation=\u00bb\u00bb row_type=\u00bbrow\u00bb use_row_as_full_screen_section=\u00bbno\u00bb type=\u00bbfull_width\u00bb angled_section=\u00bbno\u00bb text_align=\u00bbleft\u00bb background_image_as_pattern=\u00bbwithout_pattern\u00bb][vc_column][vc_raw_html]JTVCaW5zZXJ0JTIwcGFnZSUzRCUyNzIyNTM2JTI3JTIwZGlzcGxheSUzRCUyN2NvbnRlbnQlMjclNUQ=[\/vc_raw_html][\/vc_column][\/vc_row]<\/p>\n","protected":false},"excerpt":{"rendered":"<p>[vc_row css_animation=\u00bb\u00bb row_type=\u00bbrow\u00bb use_row_as_full_screen_section=\u00bbno\u00bb type=\u00bbfull_width\u00bb angled_section=\u00bbno\u00bb text_align=\u00bbleft\u00bb background_image_as_pattern=\u00bbwithout_pattern\u00bb background_color=\u00bb#ffffff\u00bb anchor=\u00bbhome\u00bb z_index=\u00bb\u00bb css=\u00bb.vc_custom_1656225316001{background-position: center !important;background-repeat: no-repeat !important;background-size: cover !important;}\u00bb][vc_column css=\u00bb.vc_custom_1657042449197{padding-right: 150px !important;padding-left: 150px !important;}\u00bb offset=\u00bbvc_hidden-sm vc_hidden-xs\u00bb][vc_empty_space height=\u00bb100px\u00bb][\/vc_column][\/vc_row][vc_row css_animation=\u00bb\u00bb row_type=\u00bbrow\u00bb use_row_as_full_screen_section=\u00bbno\u00bb type=\u00bbfull_width\u00bb angled_section=\u00bbno\u00bb text_align=\u00bbleft\u00bb background_image_as_pattern=\u00bbwithout_pattern\u00bb background_color=\u00bb#ffffff\u00bb anchor=\u00bbhome\u00bb z_index=\u00bb\u00bb css=\u00bb.vc_custom_1656225316001{background-position: center !important;background-repeat: no-repeat !important;background-size: cover !important;}\u00bb][vc_column][vc_single_image image=\u00bb20280&#8243; img_size=\u00bbfull\u00bb&#8230;<\/p>\n","protected":false},"author":1,"featured_media":0,"parent":0,"menu_order":0,"comment_status":"open","ping_status":"open","template":"full_width.php","meta":{"om_disable_all_campaigns":false,"footnotes":""},"class_list":["post-21136","page","type-page","status-publish","hentry"],"yoast_head":"<!-- This site is optimized with the Yoast SEO plugin v27.4 - https:\/\/yoast.com\/product\/yoast-seo-wordpress\/ -->\n<title>Coraplast Industries | Sustainable Plastic Masterbatch &amp; Additive Solutions for Plastics Industries<\/title>\n<meta name=\"robots\" content=\"index, follow, max-snippet:-1, max-image-preview:large, max-video-preview:-1\" \/>\n<link rel=\"canonical\" href=\"https:\/\/www.coraplast.com\/es\/coraplast-quality\/\" \/>\n<meta property=\"og:locale\" content=\"es_ES\" \/>\n<meta property=\"og:type\" content=\"article\" \/>\n<meta property=\"og:title\" content=\"Coraplast Industries | Sustainable Plastic Masterbatch &amp; Additive Solutions for Plastics Industries\" \/>\n<meta property=\"og:description\" content=\"[vc_row css_animation=\u00bb\u00bb row_type=\u00bbrow\u00bb use_row_as_full_screen_section=\u00bbno\u00bb type=\u00bbfull_width\u00bb angled_section=\u00bbno\u00bb text_align=\u00bbleft\u00bb background_image_as_pattern=\u00bbwithout_pattern\u00bb background_color=\u00bb#ffffff\u00bb anchor=\u00bbhome\u00bb z_index=\u00bb\u00bb css=\u00bb.vc_custom_1656225316001{background-position: center !important;background-repeat: no-repeat !important;background-size: cover !important;}\u00bb][vc_column css=\u00bb.vc_custom_1657042449197{padding-right: 150px !important;padding-left: 150px !important;}\u00bb offset=\u00bbvc_hidden-sm vc_hidden-xs\u00bb][vc_empty_space height=\u00bb100px\u00bb][\/vc_column][\/vc_row][vc_row css_animation=\u00bb\u00bb row_type=\u00bbrow\u00bb use_row_as_full_screen_section=\u00bbno\u00bb type=\u00bbfull_width\u00bb angled_section=\u00bbno\u00bb text_align=\u00bbleft\u00bb background_image_as_pattern=\u00bbwithout_pattern\u00bb background_color=\u00bb#ffffff\u00bb anchor=\u00bbhome\u00bb z_index=\u00bb\u00bb css=\u00bb.vc_custom_1656225316001{background-position: center !important;background-repeat: no-repeat !important;background-size: cover !important;}\u00bb][vc_column][vc_single_image image=\u00bb20280&#8243; img_size=\u00bbfull\u00bb...\" \/>\n<meta property=\"og:url\" content=\"https:\/\/www.coraplast.com\/es\/coraplast-quality\/\" \/>\n<meta property=\"og:site_name\" content=\"Coraplast Industries | Sustainable Plastic Masterbatch &amp; Additive Solutions for Plastics Industries\" \/>\n<meta property=\"article:modified_time\" content=\"2025-10-08T08:50:45+00:00\" \/>\n<meta name=\"twitter:card\" content=\"summary_large_image\" \/>\n<meta name=\"twitter:label1\" content=\"Tiempo de lectura\" \/>\n\t<meta name=\"twitter:data1\" content=\"3 minutos\" \/>\n<script type=\"application\/ld+json\" class=\"yoast-schema-graph\">{\"@context\":\"https:\\\/\\\/schema.org\",\"@graph\":[{\"@type\":\"WebPage\",\"@id\":\"https:\\\/\\\/www.coraplast.com\\\/es\\\/coraplast-quality\\\/\",\"url\":\"https:\\\/\\\/www.coraplast.com\\\/es\\\/coraplast-quality\\\/\",\"name\":\"Coraplast Industries | Sustainable Plastic Masterbatch &amp; Additive Solutions for Plastics Industries\",\"isPartOf\":{\"@id\":\"https:\\\/\\\/www.coraplast.com\\\/#website\"},\"datePublished\":\"2022-07-01T05:20:23+00:00\",\"dateModified\":\"2025-10-08T08:50:45+00:00\",\"breadcrumb\":{\"@id\":\"https:\\\/\\\/www.coraplast.com\\\/es\\\/coraplast-quality\\\/#breadcrumb\"},\"inLanguage\":\"es\",\"potentialAction\":[{\"@type\":\"ReadAction\",\"target\":[\"https:\\\/\\\/www.coraplast.com\\\/es\\\/coraplast-quality\\\/\"]}]},{\"@type\":\"BreadcrumbList\",\"@id\":\"https:\\\/\\\/www.coraplast.com\\\/es\\\/coraplast-quality\\\/#breadcrumb\",\"itemListElement\":[{\"@type\":\"ListItem\",\"position\":1,\"name\":\"Home\",\"item\":\"https:\\\/\\\/www.coraplast.com\\\/es\\\/\"},{\"@type\":\"ListItem\",\"position\":2,\"name\":\"Coraplast Quality\"}]},{\"@type\":\"WebSite\",\"@id\":\"https:\\\/\\\/www.coraplast.com\\\/#website\",\"url\":\"https:\\\/\\\/www.coraplast.com\\\/\",\"name\":\"Coraplast Industries | Sustainable Plastic Masterbatch & Additive Solutions for Plastics Industries\",\"description\":\"A top masterbatch manufacturer in India. We deliver high\u2011quality colour, white, black &amp; additive masterbatches for industries like packaging, textiles, agriculture &amp; appliances. Compliance\u2011driven, sustainable and custom colour matching with global reach.\",\"potentialAction\":[{\"@type\":\"SearchAction\",\"target\":{\"@type\":\"EntryPoint\",\"urlTemplate\":\"https:\\\/\\\/www.coraplast.com\\\/?s={search_term_string}\"},\"query-input\":{\"@type\":\"PropertyValueSpecification\",\"valueRequired\":true,\"valueName\":\"search_term_string\"}}],\"inLanguage\":\"es\"}]}<\/script>\n<!-- \/ Yoast SEO plugin. -->","yoast_head_json":{"title":"Coraplast Industries | Sustainable Plastic Masterbatch &amp; Additive Solutions for Plastics Industries","robots":{"index":"index","follow":"follow","max-snippet":"max-snippet:-1","max-image-preview":"max-image-preview:large","max-video-preview":"max-video-preview:-1"},"canonical":"https:\/\/www.coraplast.com\/es\/coraplast-quality\/","og_locale":"es_ES","og_type":"article","og_title":"Coraplast Industries | Sustainable Plastic Masterbatch &amp; Additive Solutions for Plastics Industries","og_description":"[vc_row css_animation=\u00bb\u00bb row_type=\u00bbrow\u00bb use_row_as_full_screen_section=\u00bbno\u00bb type=\u00bbfull_width\u00bb angled_section=\u00bbno\u00bb text_align=\u00bbleft\u00bb background_image_as_pattern=\u00bbwithout_pattern\u00bb background_color=\u00bb#ffffff\u00bb anchor=\u00bbhome\u00bb z_index=\u00bb\u00bb css=\u00bb.vc_custom_1656225316001{background-position: center !important;background-repeat: no-repeat !important;background-size: cover !important;}\u00bb][vc_column css=\u00bb.vc_custom_1657042449197{padding-right: 150px !important;padding-left: 150px !important;}\u00bb offset=\u00bbvc_hidden-sm vc_hidden-xs\u00bb][vc_empty_space height=\u00bb100px\u00bb][\/vc_column][\/vc_row][vc_row css_animation=\u00bb\u00bb row_type=\u00bbrow\u00bb use_row_as_full_screen_section=\u00bbno\u00bb type=\u00bbfull_width\u00bb angled_section=\u00bbno\u00bb text_align=\u00bbleft\u00bb background_image_as_pattern=\u00bbwithout_pattern\u00bb background_color=\u00bb#ffffff\u00bb anchor=\u00bbhome\u00bb z_index=\u00bb\u00bb css=\u00bb.vc_custom_1656225316001{background-position: center !important;background-repeat: no-repeat !important;background-size: cover !important;}\u00bb][vc_column][vc_single_image image=\u00bb20280&#8243; img_size=\u00bbfull\u00bb...","og_url":"https:\/\/www.coraplast.com\/es\/coraplast-quality\/","og_site_name":"Coraplast Industries | Sustainable Plastic Masterbatch &amp; Additive Solutions for Plastics Industries","article_modified_time":"2025-10-08T08:50:45+00:00","twitter_card":"summary_large_image","twitter_misc":{"Tiempo de lectura":"3 minutos"},"schema":{"@context":"https:\/\/schema.org","@graph":[{"@type":"WebPage","@id":"https:\/\/www.coraplast.com\/es\/coraplast-quality\/","url":"https:\/\/www.coraplast.com\/es\/coraplast-quality\/","name":"Coraplast Industries | Sustainable Plastic Masterbatch &amp; Additive Solutions for Plastics Industries","isPartOf":{"@id":"https:\/\/www.coraplast.com\/#website"},"datePublished":"2022-07-01T05:20:23+00:00","dateModified":"2025-10-08T08:50:45+00:00","breadcrumb":{"@id":"https:\/\/www.coraplast.com\/es\/coraplast-quality\/#breadcrumb"},"inLanguage":"es","potentialAction":[{"@type":"ReadAction","target":["https:\/\/www.coraplast.com\/es\/coraplast-quality\/"]}]},{"@type":"BreadcrumbList","@id":"https:\/\/www.coraplast.com\/es\/coraplast-quality\/#breadcrumb","itemListElement":[{"@type":"ListItem","position":1,"name":"Home","item":"https:\/\/www.coraplast.com\/es\/"},{"@type":"ListItem","position":2,"name":"Coraplast Quality"}]},{"@type":"WebSite","@id":"https:\/\/www.coraplast.com\/#website","url":"https:\/\/www.coraplast.com\/","name":"Coraplast Industries | Sustainable Plastic Masterbatch & Additive Solutions for Plastics Industries","description":"A top masterbatch manufacturer in India. We deliver high\u2011quality colour, white, black &amp; additive masterbatches for industries like packaging, textiles, agriculture &amp; appliances. Compliance\u2011driven, sustainable and custom colour matching with global reach.","potentialAction":[{"@type":"SearchAction","target":{"@type":"EntryPoint","urlTemplate":"https:\/\/www.coraplast.com\/?s={search_term_string}"},"query-input":{"@type":"PropertyValueSpecification","valueRequired":true,"valueName":"search_term_string"}}],"inLanguage":"es"}]}},"_links":{"self":[{"href":"https:\/\/www.coraplast.com\/es\/wp-json\/wp\/v2\/pages\/21136","targetHints":{"allow":["GET"]}}],"collection":[{"href":"https:\/\/www.coraplast.com\/es\/wp-json\/wp\/v2\/pages"}],"about":[{"href":"https:\/\/www.coraplast.com\/es\/wp-json\/wp\/v2\/types\/page"}],"author":[{"embeddable":true,"href":"https:\/\/www.coraplast.com\/es\/wp-json\/wp\/v2\/users\/1"}],"replies":[{"embeddable":true,"href":"https:\/\/www.coraplast.com\/es\/wp-json\/wp\/v2\/comments?post=21136"}],"version-history":[{"count":4,"href":"https:\/\/www.coraplast.com\/es\/wp-json\/wp\/v2\/pages\/21136\/revisions"}],"predecessor-version":[{"id":27541,"href":"https:\/\/www.coraplast.com\/es\/wp-json\/wp\/v2\/pages\/21136\/revisions\/27541"}],"wp:attachment":[{"href":"https:\/\/www.coraplast.com\/es\/wp-json\/wp\/v2\/media?parent=21136"}],"curies":[{"name":"wp","href":"https:\/\/api.w.org\/{rel}","templated":true}]}}