{"id":21293,"date":"2022-07-02T13:22:00","date_gmt":"2022-07-02T13:22:00","guid":{"rendered":"https:\/\/www.coraplast.com\/coraplast-disclaimer\/"},"modified":"2022-08-11T14:14:23","modified_gmt":"2022-08-11T14:14:23","slug":"coraplast-disclaimer","status":"publish","type":"page","link":"https:\/\/www.coraplast.com\/pl\/coraplast-disclaimer\/","title":{"rendered":"Coraplast Disclaimer"},"content":{"rendered":"<p>[vc_row css_animation=&#8221;&#8221; row_type=&#8221;row&#8221; use_row_as_full_screen_section=&#8221;no&#8221; type=&#8221;full_width&#8221; angled_section=&#8221;no&#8221; text_align=&#8221;left&#8221; background_image_as_pattern=&#8221;without_pattern&#8221; background_color=&#8221;#ffffff&#8221; anchor=&#8221;home&#8221; z_index=&#8221;&#8221;][vc_column css=&#8221;.vc_custom_1657119116374{padding-right: 150px !important;padding-left: 150px !important;}&#8221; offset=&#8221;vc_hidden-sm vc_hidden-xs&#8221;][vc_empty_space height=&#8221;100px&#8221;][vc_column_text]<\/p>\n<h2 style=\"text-align: center;\">Polityka prywatno\u015bci<\/h2>\n<p>&nbsp;<\/p>\n<p>Adres naszej strony internetowej to: https:\/\/www.coraplast.com<\/p>\n<p>&nbsp;<\/p>\n<h3 style=\"text-align: left;\">Uwagi<\/h3>\n<p>&nbsp;<\/p>\n<p>Gdy odwiedzaj\u0105cy zostawiaj\u0105 komentarze na stronie, gromadzimy dane podane w formularzu komentarza, a tak\u017ce adres IP odwiedzaj\u0105cego i ci\u0105g agent\u00f3w u\u017cytkownika przegl\u0105darki, aby u\u0142atwi\u0107 wykrywanie spamu.<\/p>\n<p>&nbsp;<\/p>\n<p>Zanonimizowany ci\u0105g utworzony z adresu e-mail u\u017cytkownika (zwany r\u00f3wnie\u017c skr\u00f3tem) mo\u017ce by\u0107 dostarczony do us\u0142ugi Gravatar w celu sprawdzenia, czy u\u017cytkownik z niej korzysta. Polityka prywatno\u015bci us\u0142ugi Gravatar jest dost\u0119pna tutaj: https:\/\/automattic.com\/privacy\/. Po zatwierdzeniu komentarza zdj\u0119cie profilowe u\u017cytkownika jest widoczne publicznie w kontek\u015bcie jego komentarza.<\/p>\n<p>&nbsp;<\/p>\n<h3 style=\"text-align: left;\">Media<\/h3>\n<p>&nbsp;<\/p>\n<p>W przypadku przesy\u0142ania zdj\u0119\u0107 na stron\u0119 internetow\u0105 nale\u017cy unika\u0107 przesy\u0142ania zdj\u0119\u0107 z osadzonymi danymi o lokalizacji (EXIF GPS). Osoby odwiedzaj\u0105ce witryn\u0119 mog\u0105 pobra\u0107 i wyodr\u0119bni\u0107 wszelkie dane dotycz\u0105ce lokalizacji z obraz\u00f3w zamieszczonych w witrynie.<\/p>\n<p>&nbsp;<\/p>\n<h3 style=\"text-align: left;\">Ciasteczka<\/h3>\n<p>&nbsp;<\/p>\n<p>Je\u015bli zostawisz komentarz na naszej stronie, mo\u017cesz zgodzi\u0107 si\u0119 na zapisanie Twojego imienia, adresu e-mail i strony internetowej w plikach cookie. S\u0142u\u017cy to Twojej wygodzie, aby\u015b nie musia\u0142 ponownie wpisywa\u0107 swoich danych, gdy zostawiasz kolejny komentarz. Te pliki cookie b\u0119d\u0105 dzia\u0142a\u0107 przez rok.<\/p>\n<p>&nbsp;<\/p>\n<p>Je\u015bli odwiedzisz nasz\u0105 stron\u0119 logowania, ustawimy tymczasowy plik cookie, aby sprawdzi\u0107, czy Twoja przegl\u0105darka akceptuje pliki cookie. Ten plik cookie nie zawiera \u017cadnych danych osobowych i jest usuwany po zamkni\u0119ciu przegl\u0105darki.<\/p>\n<p>&nbsp;<\/p>\n<p>Podczas logowania zostanie r\u00f3wnie\u017c utworzonych kilka plik\u00f3w cookie w celu zapisania informacji o logowaniu i opcjach wy\u015bwietlania ekranu. Pliki cookie logowania zachowuj\u0105 trwa\u0142o\u015b\u0107 przez dwa dni, a pliki cookie opcji ekranowych &#8211; przez rok. Je\u015bli wybierzesz opcj\u0119 &#8222;Zapami\u0119taj mnie&#8221;, Twoje dane logowania b\u0119d\u0105 zachowane przez dwa tygodnie. Je\u015bli wylogujesz si\u0119 z konta, pliki cookie logowania zostan\u0105 usuni\u0119te.<\/p>\n<p>&nbsp;<\/p>\n<p>Je\u015bli edytujesz lub publikujesz artyku\u0142, w Twojej przegl\u0105darce zostanie zapisany dodatkowy plik cookie. Ten plik cookie nie zawiera \u017cadnych danych osobowych i wskazuje jedynie post ID artyku\u0142u, kt\u00f3ry w\u0142a\u015bnie edytowa\u0142e\u015b. Wygasa on po up\u0142ywie 1 dnia.<\/p>\n<p>&nbsp;<\/p>\n<h3 style=\"text-align: left;\">Osadzona zawarto\u015b\u0107 z innych witryn internetowych<\/h3>\n<p>&nbsp;<\/p>\n<p>Artyku\u0142y w tej witrynie mog\u0105 zawiera\u0107 tre\u015bci osadzone (np. filmy wideo, obrazy, artyku\u0142y itp.). Osadzone tre\u015bci z innych witryn zachowuj\u0105 si\u0119 dok\u0142adnie tak samo, jakby odwiedzaj\u0105cy odwiedzi\u0142 inn\u0105 witryn\u0119.<\/p>\n<p>&nbsp;<\/p>\n<p>Witryny te mog\u0105 gromadzi\u0107 dane o u\u017cytkowniku, u\u017cywa\u0107 plik\u00f3w cookie, umieszcza\u0107 dodatkowe materia\u0142y \u015bledz\u0105ce innych firm oraz monitorowa\u0107 interakcje u\u017cytkownika z tymi materia\u0142ami, w tym \u015bledzi\u0107 interakcje u\u017cytkownika z tymi materia\u0142ami, je\u015bli u\u017cytkownik posiada konto i jest zalogowany w danej witrynie.<\/p>\n<p>&nbsp;<\/p>\n<h3 style=\"text-align: left;\">Komu udost\u0119pniamy dane u\u017cytkownik\u00f3w<\/h3>\n<p>&nbsp;<\/p>\n<p>W przypadku pro\u015bby o zresetowanie has\u0142a adres IP u\u017cytkownika zostanie uwzgl\u0119dniony w wiadomo\u015bci e-mail dotycz\u0105cej zresetowania.<\/p>\n<p>&nbsp;<\/p>\n<h3 style=\"text-align: left;\">Jak d\u0142ugo przechowujemy Twoje dane?<\/h3>\n<p>&nbsp;<\/p>\n<p>Je\u015bli zostawisz komentarz, komentarz i jego metadane s\u0105 zachowywane na czas nieokre\u015blony. Dzi\u0119ki temu mo\u017cemy automatycznie rozpoznawa\u0107 i zatwierdza\u0107 kolejne komentarze, zamiast zatrzymywa\u0107 je w kolejce do moderacji.<\/p>\n<p>&nbsp;<\/p>\n<p>W przypadku u\u017cytkownik\u00f3w, kt\u00f3rzy zarejestrowali si\u0119 w naszej witrynie (je\u015bli tacy istniej\u0105), przechowujemy r\u00f3wnie\u017c dane osobowe podane przez nich w profilu u\u017cytkownika. Wszyscy u\u017cytkownicy mog\u0105 w ka\u017cdej chwili zobaczy\u0107, edytowa\u0107 lub usun\u0105\u0107 swoje dane osobowe (z wyj\u0105tkiem braku mo\u017cliwo\u015bci zmiany nazwy u\u017cytkownika). Administratorzy witryny r\u00f3wnie\u017c maj\u0105 wgl\u0105d w te informacje i mog\u0105 je edytowa\u0107.<\/p>\n<p>&nbsp;<\/p>\n<h3 style=\"text-align: left;\">Jakie prawa przys\u0142uguj\u0105 u\u017cytkownikowi w odniesieniu do jego danych<\/h3>\n<p>&nbsp;<\/p>\n<p>Je\u015bli masz konto na tej stronie lub zostawi\u0142e\u015b komentarz, mo\u017cesz poprosi\u0107 o przes\u0142anie wyeksportowanego pliku z danymi osobowymi, kt\u00f3re posiadamy na Tw\u00f3j temat, w tym z danymi, kt\u00f3re nam przekaza\u0142e\u015b. Mo\u017cesz r\u00f3wnie\u017c za\u017c\u0105da\u0107 usuni\u0119cia wszelkich danych osobowych, kt\u00f3re posiadamy na Tw\u00f3j temat. Nie dotyczy to danych, kt\u00f3re jeste\u015bmy zobowi\u0105zani przechowywa\u0107 ze wzgl\u0119d\u00f3w administracyjnych, prawnych lub bezpiecze\u0144stwa.<\/p>\n<p>&nbsp;<\/p>\n<h3 style=\"text-align: left;\">Gdzie wysy\u0142amy Twoje dane<\/h3>\n<p>&nbsp;<\/p>\n<p>Komentarze odwiedzaj\u0105cych mog\u0105 by\u0107 sprawdzane za pomoc\u0105 automatycznej us\u0142ugi wykrywania spamu.[\/vc_column_text][vc_empty_space height=&#8221;100px&#8221;][\/vc_column][\/vc_row][vc_row css_animation=&#8221;&#8221; row_type=&#8221;row&#8221; use_row_as_full_screen_section=&#8221;no&#8221; type=&#8221;full_width&#8221; angled_section=&#8221;no&#8221; text_align=&#8221;left&#8221; background_image_as_pattern=&#8221;without_pattern&#8221; background_color=&#8221;#ffffff&#8221; anchor=&#8221;home&#8221; z_index=&#8221;&#8221;][vc_column css=&#8221;.vc_custom_1657600851524{padding-right: 50px !important;padding-left: 50px !important;}&#8221; offset=&#8221;vc_hidden-lg vc_hidden-md&#8221;][vc_empty_space height=&#8221;100px&#8221;][vc_column_text]<\/p>\n<h2 style=\"text-align: center;\">Polityka prywatno\u015bci<\/h2>\n<p>&nbsp;<\/p>\n<p>Adres naszej strony internetowej to: https:\/\/www.coraplast.com<\/p>\n<p>&nbsp;<\/p>\n<h3 style=\"text-align: left;\">Uwagi<\/h3>\n<p>&nbsp;<\/p>\n<p>Gdy odwiedzaj\u0105cy zostawiaj\u0105 komentarze na stronie, gromadzimy dane podane w formularzu komentarza, a tak\u017ce adres IP odwiedzaj\u0105cego i ci\u0105g agent\u00f3w u\u017cytkownika przegl\u0105darki, aby u\u0142atwi\u0107 wykrywanie spamu.<\/p>\n<p>&nbsp;<\/p>\n<p>Zanonimizowany ci\u0105g utworzony z adresu e-mail u\u017cytkownika (zwany r\u00f3wnie\u017c skr\u00f3tem) mo\u017ce by\u0107 dostarczony do us\u0142ugi Gravatar w celu sprawdzenia, czy u\u017cytkownik z niej korzysta. Polityka prywatno\u015bci us\u0142ugi Gravatar jest dost\u0119pna tutaj: https:\/\/automattic.com\/privacy\/. Po zatwierdzeniu komentarza zdj\u0119cie profilowe u\u017cytkownika jest widoczne publicznie w kontek\u015bcie jego komentarza.<\/p>\n<p>&nbsp;<\/p>\n<h3 style=\"text-align: left;\">Media<\/h3>\n<p>&nbsp;<\/p>\n<p>W przypadku przesy\u0142ania zdj\u0119\u0107 na stron\u0119 internetow\u0105 nale\u017cy unika\u0107 przesy\u0142ania zdj\u0119\u0107 z osadzonymi danymi o lokalizacji (EXIF GPS). Osoby odwiedzaj\u0105ce witryn\u0119 mog\u0105 pobra\u0107 i wyodr\u0119bni\u0107 wszelkie dane dotycz\u0105ce lokalizacji z obraz\u00f3w zamieszczonych w witrynie.<\/p>\n<p>&nbsp;<\/p>\n<h3 style=\"text-align: left;\">Ciasteczka<\/h3>\n<p>&nbsp;<\/p>\n<p>Je\u015bli zostawisz komentarz na naszej stronie, mo\u017cesz zgodzi\u0107 si\u0119 na zapisanie Twojego imienia, adresu e-mail i strony internetowej w plikach cookie. S\u0142u\u017cy to Twojej wygodzie, aby\u015b nie musia\u0142 ponownie wpisywa\u0107 swoich danych, gdy zostawiasz kolejny komentarz. Te pliki cookie b\u0119d\u0105 dzia\u0142a\u0107 przez rok.<\/p>\n<p>&nbsp;<\/p>\n<p>Je\u015bli odwiedzisz nasz\u0105 stron\u0119 logowania, ustawimy tymczasowy plik cookie, aby sprawdzi\u0107, czy Twoja przegl\u0105darka akceptuje pliki cookie. Ten plik cookie nie zawiera \u017cadnych danych osobowych i jest usuwany po zamkni\u0119ciu przegl\u0105darki.<\/p>\n<p>&nbsp;<\/p>\n<p>Podczas logowania zostanie r\u00f3wnie\u017c utworzonych kilka plik\u00f3w cookie w celu zapisania informacji o logowaniu i opcjach wy\u015bwietlania ekranu. Pliki cookie logowania zachowuj\u0105 trwa\u0142o\u015b\u0107 przez dwa dni, a pliki cookie opcji ekranowych &#8211; przez rok. Je\u015bli wybierzesz opcj\u0119 &#8222;Zapami\u0119taj mnie&#8221;, Twoje dane logowania b\u0119d\u0105 zachowane przez dwa tygodnie. Je\u015bli wylogujesz si\u0119 z konta, pliki cookie logowania zostan\u0105 usuni\u0119te.<\/p>\n<p>&nbsp;<\/p>\n<p>Je\u015bli edytujesz lub publikujesz artyku\u0142, w Twojej przegl\u0105darce zostanie zapisany dodatkowy plik cookie. Ten plik cookie nie zawiera \u017cadnych danych osobowych i wskazuje jedynie post ID artyku\u0142u, kt\u00f3ry w\u0142a\u015bnie edytowa\u0142e\u015b. Wygasa on po up\u0142ywie 1 dnia.<\/p>\n<p>&nbsp;<\/p>\n<h3 style=\"text-align: left;\">Osadzona zawarto\u015b\u0107 z innych witryn internetowych<\/h3>\n<p>&nbsp;<\/p>\n<p>Artyku\u0142y w tej witrynie mog\u0105 zawiera\u0107 tre\u015bci osadzone (np. filmy wideo, obrazy, artyku\u0142y itp.). Osadzone tre\u015bci z innych witryn zachowuj\u0105 si\u0119 dok\u0142adnie tak samo, jakby odwiedzaj\u0105cy odwiedzi\u0142 inn\u0105 witryn\u0119.<\/p>\n<p>&nbsp;<\/p>\n<p>Witryny te mog\u0105 gromadzi\u0107 dane o u\u017cytkowniku, u\u017cywa\u0107 plik\u00f3w cookie, umieszcza\u0107 dodatkowe materia\u0142y \u015bledz\u0105ce innych firm oraz monitorowa\u0107 interakcje u\u017cytkownika z tymi materia\u0142ami, w tym \u015bledzi\u0107 interakcje u\u017cytkownika z tymi materia\u0142ami, je\u015bli u\u017cytkownik posiada konto i jest zalogowany w danej witrynie.<\/p>\n<p>&nbsp;<\/p>\n<h3 style=\"text-align: left;\">Komu udost\u0119pniamy dane u\u017cytkownik\u00f3w<\/h3>\n<p>&nbsp;<\/p>\n<p>W przypadku pro\u015bby o zresetowanie has\u0142a adres IP u\u017cytkownika zostanie uwzgl\u0119dniony w wiadomo\u015bci e-mail dotycz\u0105cej zresetowania.<\/p>\n<p>&nbsp;<\/p>\n<h3 style=\"text-align: left;\">Jak d\u0142ugo przechowujemy Twoje dane?<\/h3>\n<p>&nbsp;<\/p>\n<p>Je\u015bli zostawisz komentarz, komentarz i jego metadane s\u0105 zachowywane na czas nieokre\u015blony. Dzi\u0119ki temu mo\u017cemy automatycznie rozpoznawa\u0107 i zatwierdza\u0107 kolejne komentarze, zamiast zatrzymywa\u0107 je w kolejce do moderacji.<\/p>\n<p>&nbsp;<\/p>\n<p>W przypadku u\u017cytkownik\u00f3w, kt\u00f3rzy zarejestrowali si\u0119 w naszej witrynie (je\u015bli tacy istniej\u0105), przechowujemy r\u00f3wnie\u017c dane osobowe podane przez nich w profilu u\u017cytkownika. Wszyscy u\u017cytkownicy mog\u0105 w ka\u017cdej chwili zobaczy\u0107, edytowa\u0107 lub usun\u0105\u0107 swoje dane osobowe (z wyj\u0105tkiem braku mo\u017cliwo\u015bci zmiany nazwy u\u017cytkownika). Administratorzy witryny r\u00f3wnie\u017c maj\u0105 wgl\u0105d w te informacje i mog\u0105 je edytowa\u0107.<\/p>\n<p>&nbsp;<\/p>\n<h3 style=\"text-align: left;\">Jakie prawa przys\u0142uguj\u0105 u\u017cytkownikowi w odniesieniu do jego danych<\/h3>\n<p>&nbsp;<\/p>\n<p>Je\u015bli masz konto na tej stronie lub zostawi\u0142e\u015b komentarz, mo\u017cesz poprosi\u0107 o przes\u0142anie wyeksportowanego pliku z danymi osobowymi, kt\u00f3re posiadamy na Tw\u00f3j temat, w tym z danymi, kt\u00f3re nam przekaza\u0142e\u015b. Mo\u017cesz r\u00f3wnie\u017c za\u017c\u0105da\u0107 usuni\u0119cia wszelkich danych osobowych, kt\u00f3re posiadamy na Tw\u00f3j temat. Nie dotyczy to danych, kt\u00f3re jeste\u015bmy zobowi\u0105zani przechowywa\u0107 ze wzgl\u0119d\u00f3w administracyjnych, prawnych lub bezpiecze\u0144stwa.<\/p>\n<p>&nbsp;<\/p>\n<h3 style=\"text-align: left;\">Gdzie wysy\u0142amy Twoje dane<\/h3>\n<p>&nbsp;<\/p>\n<p>Komentarze odwiedzaj\u0105cych mog\u0105 by\u0107 sprawdzane za pomoc\u0105 automatycznej us\u0142ugi wykrywania spamu.[\/vc_column_text][vc_empty_space height=&#8221;100px&#8221;][\/vc_column][\/vc_row][vc_row css_animation=&#8221;&#8221; row_type=&#8221;row&#8221; use_row_as_full_screen_section=&#8221;no&#8221; type=&#8221;full_width&#8221; angled_section=&#8221;no&#8221; text_align=&#8221;left&#8221; background_image_as_pattern=&#8221;without_pattern&#8221;][vc_column][vc_raw_html]JTVCaW5zZXJ0JTIwcGFnZSUzRCUyNzIyNTMwJTI3JTIwZGlzcGxheSUzRCUyN2NvbnRlbnQlMjclNUQ=[\/vc_raw_html][\/vc_column][\/vc_row]<\/p>\n","protected":false},"excerpt":{"rendered":"<p>[vc_row css_animation=&#8221;&#8221; row_type=&#8221;row&#8221; use_row_as_full_screen_section=&#8221;no&#8221; type=&#8221;full_width&#8221; angled_section=&#8221;no&#8221; text_align=&#8221;left&#8221; background_image_as_pattern=&#8221;without_pattern&#8221; background_color=&#8221;#ffffff&#8221; anchor=&#8221;home&#8221; z_index=&#8221;&#8221;][vc_column css=&#8221;.vc_custom_1657119116374{padding-right: 150px !important;padding-left: 150px !important;}&#8221; offset=&#8221;vc_hidden-sm vc_hidden-xs&#8221;][vc_empty_space height=&#8221;100px&#8221;][vc_column_text] Polityka prywatno\u015bci &nbsp; Adres naszej strony internetowej to: https:\/\/www.coraplast.com &nbsp; Uwagi &nbsp; Gdy odwiedzaj\u0105cy zostawiaj\u0105 komentarze na stronie, gromadzimy dane podane w formularzu komentarza, a tak\u017ce&#8230;<\/p>\n","protected":false},"author":1,"featured_media":0,"parent":0,"menu_order":0,"comment_status":"open","ping_status":"open","template":"full_width.php","meta":{"om_disable_all_campaigns":false,"footnotes":""},"class_list":["post-21293","page","type-page","status-publish","hentry"],"yoast_head":"<!-- This site is optimized with the Yoast SEO plugin v27.4 - https:\/\/yoast.com\/product\/yoast-seo-wordpress\/ -->\n<title>Coraplast Industries | Sustainable Plastic Masterbatch &amp; Additive Solutions for Plastics Industries<\/title>\n<meta name=\"robots\" content=\"index, follow, max-snippet:-1, max-image-preview:large, max-video-preview:-1\" \/>\n<link rel=\"canonical\" href=\"https:\/\/www.coraplast.com\/pl\/coraplast-disclaimer\/\" \/>\n<meta property=\"og:locale\" content=\"pl_PL\" \/>\n<meta property=\"og:type\" content=\"article\" \/>\n<meta property=\"og:title\" content=\"Coraplast Industries | Sustainable Plastic Masterbatch &amp; Additive Solutions for Plastics Industries\" \/>\n<meta property=\"og:description\" content=\"[vc_row css_animation=&#8221;&#8221; row_type=&#8221;row&#8221; use_row_as_full_screen_section=&#8221;no&#8221; type=&#8221;full_width&#8221; angled_section=&#8221;no&#8221; text_align=&#8221;left&#8221; background_image_as_pattern=&#8221;without_pattern&#8221; background_color=&#8221;#ffffff&#8221; anchor=&#8221;home&#8221; z_index=&#8221;&#8221;][vc_column css=&#8221;.vc_custom_1657119116374{padding-right: 150px !important;padding-left: 150px !important;}&#8221; offset=&#8221;vc_hidden-sm vc_hidden-xs&#8221;][vc_empty_space height=&#8221;100px&#8221;][vc_column_text] Polityka prywatno\u015bci &nbsp; Adres naszej strony internetowej to: https:\/\/www.coraplast.com &nbsp; Uwagi &nbsp; Gdy odwiedzaj\u0105cy zostawiaj\u0105 komentarze na stronie, gromadzimy dane podane w formularzu komentarza, a tak\u017ce...\" \/>\n<meta property=\"og:url\" content=\"https:\/\/www.coraplast.com\/pl\/coraplast-disclaimer\/\" \/>\n<meta property=\"og:site_name\" content=\"Coraplast Industries | Sustainable Plastic Masterbatch &amp; Additive Solutions for Plastics Industries\" \/>\n<meta property=\"article:modified_time\" content=\"2022-08-11T14:14:23+00:00\" \/>\n<meta name=\"twitter:card\" content=\"summary_large_image\" \/>\n<meta name=\"twitter:label1\" content=\"Szacowany czas czytania\" \/>\n\t<meta name=\"twitter:data1\" content=\"5 minut\" \/>\n<script type=\"application\/ld+json\" class=\"yoast-schema-graph\">{\"@context\":\"https:\\\/\\\/schema.org\",\"@graph\":[{\"@type\":\"WebPage\",\"@id\":\"https:\\\/\\\/www.coraplast.com\\\/pl\\\/coraplast-disclaimer\\\/\",\"url\":\"https:\\\/\\\/www.coraplast.com\\\/pl\\\/coraplast-disclaimer\\\/\",\"name\":\"Coraplast Industries | Sustainable Plastic Masterbatch &amp; Additive Solutions for Plastics Industries\",\"isPartOf\":{\"@id\":\"https:\\\/\\\/www.coraplast.com\\\/#website\"},\"datePublished\":\"2022-07-02T13:22:00+00:00\",\"dateModified\":\"2022-08-11T14:14:23+00:00\",\"breadcrumb\":{\"@id\":\"https:\\\/\\\/www.coraplast.com\\\/pl\\\/coraplast-disclaimer\\\/#breadcrumb\"},\"inLanguage\":\"pl-PL\",\"potentialAction\":[{\"@type\":\"ReadAction\",\"target\":[\"https:\\\/\\\/www.coraplast.com\\\/pl\\\/coraplast-disclaimer\\\/\"]}]},{\"@type\":\"BreadcrumbList\",\"@id\":\"https:\\\/\\\/www.coraplast.com\\\/pl\\\/coraplast-disclaimer\\\/#breadcrumb\",\"itemListElement\":[{\"@type\":\"ListItem\",\"position\":1,\"name\":\"Home\",\"item\":\"https:\\\/\\\/www.coraplast.com\\\/pl\\\/\"},{\"@type\":\"ListItem\",\"position\":2,\"name\":\"Coraplast Disclaimer\"}]},{\"@type\":\"WebSite\",\"@id\":\"https:\\\/\\\/www.coraplast.com\\\/#website\",\"url\":\"https:\\\/\\\/www.coraplast.com\\\/\",\"name\":\"Coraplast Industries | Sustainable Plastic Masterbatch & Additive Solutions for Plastics Industries\",\"description\":\"A top masterbatch manufacturer in India. We deliver high\u2011quality colour, white, black &amp; additive masterbatches for industries like packaging, textiles, agriculture &amp; appliances. Compliance\u2011driven, sustainable and custom colour matching with global reach.\",\"potentialAction\":[{\"@type\":\"SearchAction\",\"target\":{\"@type\":\"EntryPoint\",\"urlTemplate\":\"https:\\\/\\\/www.coraplast.com\\\/?s={search_term_string}\"},\"query-input\":{\"@type\":\"PropertyValueSpecification\",\"valueRequired\":true,\"valueName\":\"search_term_string\"}}],\"inLanguage\":\"pl-PL\"}]}<\/script>\n<!-- \/ Yoast SEO plugin. -->","yoast_head_json":{"title":"Coraplast Industries | Sustainable Plastic Masterbatch &amp; Additive Solutions for Plastics Industries","robots":{"index":"index","follow":"follow","max-snippet":"max-snippet:-1","max-image-preview":"max-image-preview:large","max-video-preview":"max-video-preview:-1"},"canonical":"https:\/\/www.coraplast.com\/pl\/coraplast-disclaimer\/","og_locale":"pl_PL","og_type":"article","og_title":"Coraplast Industries | Sustainable Plastic Masterbatch &amp; Additive Solutions for Plastics Industries","og_description":"[vc_row css_animation=&#8221;&#8221; row_type=&#8221;row&#8221; use_row_as_full_screen_section=&#8221;no&#8221; type=&#8221;full_width&#8221; angled_section=&#8221;no&#8221; text_align=&#8221;left&#8221; background_image_as_pattern=&#8221;without_pattern&#8221; background_color=&#8221;#ffffff&#8221; anchor=&#8221;home&#8221; z_index=&#8221;&#8221;][vc_column css=&#8221;.vc_custom_1657119116374{padding-right: 150px !important;padding-left: 150px !important;}&#8221; offset=&#8221;vc_hidden-sm vc_hidden-xs&#8221;][vc_empty_space height=&#8221;100px&#8221;][vc_column_text] Polityka prywatno\u015bci &nbsp; Adres naszej strony internetowej to: https:\/\/www.coraplast.com &nbsp; Uwagi &nbsp; Gdy odwiedzaj\u0105cy zostawiaj\u0105 komentarze na stronie, gromadzimy dane podane w formularzu komentarza, a tak\u017ce...","og_url":"https:\/\/www.coraplast.com\/pl\/coraplast-disclaimer\/","og_site_name":"Coraplast Industries | Sustainable Plastic Masterbatch &amp; Additive Solutions for Plastics Industries","article_modified_time":"2022-08-11T14:14:23+00:00","twitter_card":"summary_large_image","twitter_misc":{"Szacowany czas czytania":"5 minut"},"schema":{"@context":"https:\/\/schema.org","@graph":[{"@type":"WebPage","@id":"https:\/\/www.coraplast.com\/pl\/coraplast-disclaimer\/","url":"https:\/\/www.coraplast.com\/pl\/coraplast-disclaimer\/","name":"Coraplast Industries | Sustainable Plastic Masterbatch &amp; Additive Solutions for Plastics Industries","isPartOf":{"@id":"https:\/\/www.coraplast.com\/#website"},"datePublished":"2022-07-02T13:22:00+00:00","dateModified":"2022-08-11T14:14:23+00:00","breadcrumb":{"@id":"https:\/\/www.coraplast.com\/pl\/coraplast-disclaimer\/#breadcrumb"},"inLanguage":"pl-PL","potentialAction":[{"@type":"ReadAction","target":["https:\/\/www.coraplast.com\/pl\/coraplast-disclaimer\/"]}]},{"@type":"BreadcrumbList","@id":"https:\/\/www.coraplast.com\/pl\/coraplast-disclaimer\/#breadcrumb","itemListElement":[{"@type":"ListItem","position":1,"name":"Home","item":"https:\/\/www.coraplast.com\/pl\/"},{"@type":"ListItem","position":2,"name":"Coraplast Disclaimer"}]},{"@type":"WebSite","@id":"https:\/\/www.coraplast.com\/#website","url":"https:\/\/www.coraplast.com\/","name":"Coraplast Industries | Sustainable Plastic Masterbatch & Additive Solutions for Plastics Industries","description":"A top masterbatch manufacturer in India. We deliver high\u2011quality colour, white, black &amp; additive masterbatches for industries like packaging, textiles, agriculture &amp; appliances. Compliance\u2011driven, sustainable and custom colour matching with global reach.","potentialAction":[{"@type":"SearchAction","target":{"@type":"EntryPoint","urlTemplate":"https:\/\/www.coraplast.com\/?s={search_term_string}"},"query-input":{"@type":"PropertyValueSpecification","valueRequired":true,"valueName":"search_term_string"}}],"inLanguage":"pl-PL"}]}},"_links":{"self":[{"href":"https:\/\/www.coraplast.com\/pl\/wp-json\/wp\/v2\/pages\/21293","targetHints":{"allow":["GET"]}}],"collection":[{"href":"https:\/\/www.coraplast.com\/pl\/wp-json\/wp\/v2\/pages"}],"about":[{"href":"https:\/\/www.coraplast.com\/pl\/wp-json\/wp\/v2\/types\/page"}],"author":[{"embeddable":true,"href":"https:\/\/www.coraplast.com\/pl\/wp-json\/wp\/v2\/users\/1"}],"replies":[{"embeddable":true,"href":"https:\/\/www.coraplast.com\/pl\/wp-json\/wp\/v2\/comments?post=21293"}],"version-history":[{"count":0,"href":"https:\/\/www.coraplast.com\/pl\/wp-json\/wp\/v2\/pages\/21293\/revisions"}],"wp:attachment":[{"href":"https:\/\/www.coraplast.com\/pl\/wp-json\/wp\/v2\/media?parent=21293"}],"curies":[{"name":"wp","href":"https:\/\/api.w.org\/{rel}","templated":true}]}}