{"id":20966,"date":"2022-06-29T20:10:58","date_gmt":"2022-06-29T20:10:58","guid":{"rendered":"https:\/\/www.coraplast.com\/coraplast-colour-matching-service\/"},"modified":"2022-08-11T12:54:18","modified_gmt":"2022-08-11T12:54:18","slug":"coraplast-colour-matching-service","status":"publish","type":"page","link":"https:\/\/www.coraplast.com\/pt-pt\/coraplast-colour-matching-service\/","title":{"rendered":"Coraplast Colour Matching Service"},"content":{"rendered":"<p>[vc_row css_animation=&#8221;&#8221; row_type=&#8221;row&#8221; use_row_as_full_screen_section=&#8221;no&#8221; type=&#8221;full_width&#8221; angled_section=&#8221;no&#8221; text_align=&#8221;left&#8221; background_image_as_pattern=&#8221;without_pattern&#8221; background_color=&#8221;#ffffff&#8221; anchor=&#8221;home&#8221; z_index=&#8221;&#8221; css=&#8221;.vc_custom_1656225316001{background-position: center !important;background-repeat: no-repeat !important;background-size: cover !important;}&#8221;][vc_column css=&#8221;.vc_custom_1657114435667{padding-right: 150px !important;padding-left: 150px !important;}&#8221; offset=&#8221;vc_hidden-sm vc_hidden-xs&#8221;][vc_empty_space height=&#8221;100px&#8221;][\/vc_column][\/vc_row][vc_row css_animation=&#8221;&#8221; row_type=&#8221;row&#8221; use_row_as_full_screen_section=&#8221;no&#8221; type=&#8221;full_width&#8221; angled_section=&#8221;no&#8221; text_align=&#8221;left&#8221; background_image_as_pattern=&#8221;without_pattern&#8221; background_color=&#8221;#ffffff&#8221; anchor=&#8221;home&#8221; z_index=&#8221;&#8221; css=&#8221;.vc_custom_1656225316001{background-position: center !important;background-repeat: no-repeat !important;background-size: cover !important;}&#8221;][vc_column][vc_single_image image=&#8221;20176&#8243; img_size=&#8221;full&#8221; qode_css_animation=&#8221;&#8221;][\/vc_column][\/vc_row][vc_row css_animation=&#8221;&#8221; row_type=&#8221;row&#8221; use_row_as_full_screen_section=&#8221;no&#8221; type=&#8221;full_width&#8221; angled_section=&#8221;no&#8221; text_align=&#8221;left&#8221; background_image_as_pattern=&#8221;without_pattern&#8221; background_color=&#8221;#ffffff&#8221; anchor=&#8221;home&#8221; z_index=&#8221;&#8221; css=&#8221;.vc_custom_1656225316001{background-position: center !important;background-repeat: no-repeat !important;background-size: cover !important;}&#8221;][vc_column css=&#8221;.vc_custom_1657114435667{padding-right: 150px !important;padding-left: 150px !important;}&#8221; offset=&#8221;vc_hidden-sm vc_hidden-xs&#8221;][vc_empty_space height=&#8221;100px&#8221;][vc_column_text]<\/p>\n<h2 style=\"text-align: left;\">Servi\u00e7o de Correspond\u00eancia de Cores<\/h2>\n<p>[\/vc_column_text][vc_empty_space height=&#8221;50px&#8221;][vc_row_inner row_type=&#8221;row&#8221; type=&#8221;full_width&#8221; text_align=&#8221;left&#8221; css_animation=&#8221;&#8221;][vc_column_inner width=&#8221;3\/4&#8243;][vc_column_text]<\/p>\n<div class=\"inner-page-text\">\n<section class=\"page-detail\">\n<div class=\"wrapper-container\">\n<div class=\"page-detail-content\">\n<div class=\"grid-md-9 grid-lg-9\">\n<div class=\"inner-page-text\">\n<h4>Sendo uma empresa orientada para o cliente, sempre fomos proactivos \u00e0s necessidades do cliente, para o desenvolvimento de novos produtos, apoio a aplica\u00e7\u00f5es, economia de produtos ou aspectos regulamentares.<\/h4>\n<p>&nbsp;<\/p>\n<h4>A nossa equipa de servi\u00e7os t\u00e9cnicos, com a ajuda das mais recentes instala\u00e7\u00f5es piloto \u00e0 escala de laborat\u00f3rio, traduz novos produtos para solu\u00e7\u00f5es competentes atrav\u00e9s da simula\u00e7\u00e3o das condi\u00e7\u00f5es de aplica\u00e7\u00e3o nos nossos laborat\u00f3rios.<\/h4>\n<p>&nbsp;<\/p>\n<h4>Satisfazer os requisitos de cor de um cliente \u00e9 crucial, mais do que desenvolver uma cor certa, \u00e9 tamb\u00e9m importante fornecer-lhes solu\u00e7\u00f5es rent\u00e1veis. Criamos 70 novas tonalidades todas as semanas e j\u00e1 desenvolvemos mais de 15000 tonalidades.<\/h4>\n<\/div>\n<\/div>\n<\/div>\n<\/div>\n<\/section>\n<\/div>\n<p>[\/vc_column_text][\/vc_column_inner][vc_column_inner width=&#8221;1\/4&#8243;][vc_single_image image=&#8221;19589&#8243; img_size=&#8221;full&#8221; qode_css_animation=&#8221;&#8221;][vc_column_text]<a href=\"https:\/\/www.coraplast.com\/pt-pt\/coraplast-application-simulation\/\"><button class=\"knowmorescar\">&gt; Mais sobre:<br \/>\nSimula\u00e7\u00e3o de aplica\u00e7\u00e3o<\/button><\/a>[\/vc_column_text][vc_empty_space height=&#8221;30px&#8221;][vc_single_image image=&#8221;19721&#8243; img_size=&#8221;full&#8221; qode_css_animation=&#8221;&#8221;][vc_column_text]<a href=\"https:\/\/www.coraplast.com\/pt-pt\/coraplast-fiber-excellence-center\/\"><button class=\"knowmorescar\">&gt; Mais sobre:<br \/>\nCentro de Excel\u00eancia em Fibra<\/button><\/a>[\/vc_column_text][\/vc_column_inner][\/vc_row_inner][\/vc_column][\/vc_row][vc_row css_animation=&#8221;&#8221; row_type=&#8221;row&#8221; use_row_as_full_screen_section=&#8221;no&#8221; type=&#8221;full_width&#8221; angled_section=&#8221;no&#8221; text_align=&#8221;left&#8221; background_image_as_pattern=&#8221;without_pattern&#8221; background_color=&#8221;#ffffff&#8221; anchor=&#8221;home&#8221; z_index=&#8221;&#8221; css=&#8221;.vc_custom_1656225316001{background-position: center !important;background-repeat: no-repeat !important;background-size: cover !important;}&#8221;][vc_column css=&#8221;.vc_custom_1657114449265{padding-right: 50px !important;padding-left: 50px !important;}&#8221; offset=&#8221;vc_hidden-lg vc_hidden-md&#8221;][vc_empty_space height=&#8221;100px&#8221;][vc_column_text]<\/p>\n<h2 style=\"text-align: left; font-size: 40px;\">Servi\u00e7o de Correspond\u00eancia de Cores<\/h2>\n<p>[\/vc_column_text][vc_empty_space height=&#8221;50px&#8221;][vc_row_inner row_type=&#8221;row&#8221; type=&#8221;full_width&#8221; text_align=&#8221;left&#8221; css_animation=&#8221;&#8221;][vc_column_inner width=&#8221;3\/4&#8243;][vc_column_text]<\/p>\n<div class=\"inner-page-text\">\n<section class=\"page-detail\">\n<div class=\"wrapper-container\">\n<div class=\"page-detail-content\">\n<div class=\"grid-md-9 grid-lg-9\">\n<div class=\"inner-page-text\">\n<h4>Sendo uma empresa orientada para o cliente, sempre fomos proactivos \u00e0s necessidades do cliente, para o desenvolvimento de novos produtos, apoio a aplica\u00e7\u00f5es, economia de produtos ou aspectos regulamentares.<\/h4>\n<p>&nbsp;<\/p>\n<h4>A nossa equipa de servi\u00e7os t\u00e9cnicos, com a ajuda das mais recentes instala\u00e7\u00f5es piloto \u00e0 escala de laborat\u00f3rio, traduz novos produtos para solu\u00e7\u00f5es competentes atrav\u00e9s da simula\u00e7\u00e3o das condi\u00e7\u00f5es de aplica\u00e7\u00e3o nos nossos laborat\u00f3rios.<\/h4>\n<p>&nbsp;<\/p>\n<h4>Satisfazer os requisitos de cor de um cliente \u00e9 crucial, mais do que desenvolver uma cor certa, \u00e9 tamb\u00e9m importante fornecer-lhes solu\u00e7\u00f5es rent\u00e1veis. Criamos 70 novas tonalidades todas as semanas e j\u00e1 desenvolvemos mais de 15000 tonalidades.<\/h4>\n<\/div>\n<\/div>\n<\/div>\n<\/div>\n<\/section>\n<\/div>\n<p>[\/vc_column_text][\/vc_column_inner][vc_column_inner width=&#8221;1\/4&#8243;][vc_empty_space height=&#8221;100px&#8221;][vc_single_image image=&#8221;19589&#8243; img_size=&#8221;full&#8221; qode_css_animation=&#8221;&#8221;][vc_column_text]<a href=\"https:\/\/www.coraplast.com\/pt-pt\/coraplast-application-simulation\/\"><button class=\"knowmorescar\">&gt; Mais sobre:<br \/>\nSimula\u00e7\u00e3o de aplica\u00e7\u00e3o<\/button><\/a>[\/vc_column_text][vc_empty_space height=&#8221;30px&#8221;][vc_single_image image=&#8221;19721&#8243; img_size=&#8221;full&#8221; qode_css_animation=&#8221;&#8221;][vc_column_text]<a href=\"https:\/\/www.coraplast.com\/pt-pt\/coraplast-fiber-excellence-center\/\"><button class=\"knowmorescar\">&gt; Mais sobre:<br \/>\nCentro de Excel\u00eancia em Fibra<\/button><\/a>[\/vc_column_text][\/vc_column_inner][\/vc_row_inner][\/vc_column][\/vc_row][vc_row css_animation=&#8221;&#8221; row_type=&#8221;row&#8221; use_row_as_full_screen_section=&#8221;no&#8221; type=&#8221;full_width&#8221; angled_section=&#8221;no&#8221; text_align=&#8221;left&#8221; background_image_as_pattern=&#8221;without_pattern&#8221; background_color=&#8221;#ffffff&#8221; anchor=&#8221;home&#8221; z_index=&#8221;&#8221;][vc_column css=&#8221;.vc_custom_1657114463923{padding-right: 150px !important;padding-left: 150px !important;}&#8221; offset=&#8221;vc_hidden-sm vc_hidden-xs&#8221;][vc_empty_space height=&#8221;100px&#8221;][vc_row_inner row_type=&#8221;row&#8221; type=&#8221;full_width&#8221; text_align=&#8221;left&#8221; css_animation=&#8221;&#8221;][vc_column_inner width=&#8221;1\/4&#8243;][vc_single_image image=&#8221;20928&#8243; img_size=&#8221;full&#8221; alignment=&#8221;center&#8221; qode_css_animation=&#8221;&#8221;][vc_column_text]<\/p>\n<h3 style=\"text-align: center;\"><span style=\"color: #d81f2d;\">R\u00e1pido tempo de retorno<\/span><\/h3>\n<p>[\/vc_column_text][vc_empty_space height=&#8221;15px&#8221;][\/vc_column_inner][vc_column_inner width=&#8221;1\/4&#8243;][vc_single_image image=&#8221;20935&#8243; img_size=&#8221;full&#8221; alignment=&#8221;center&#8221; qode_css_animation=&#8221;&#8221;][vc_column_text]<\/p>\n<h3 style=\"text-align: center;\"><span style=\"color: #3a326d;\">Excelentes propriedades<\/span><\/h3>\n<p>[\/vc_column_text][vc_empty_space height=&#8221;15px&#8221;][\/vc_column_inner][vc_column_inner width=&#8221;1\/4&#8243;][vc_single_image image=&#8221;20942&#8243; img_size=&#8221;full&#8221; alignment=&#8221;center&#8221; qode_css_animation=&#8221;&#8221;][vc_column_text]<\/p>\n<h3 style=\"text-align: center;\"><span style=\"color: #07a260;\">Consist\u00eancia<\/span><\/h3>\n<p>[\/vc_column_text][vc_empty_space height=&#8221;15px&#8221;][\/vc_column_inner][vc_column_inner width=&#8221;1\/4&#8243;][vc_single_image image=&#8221;20949&#8243; img_size=&#8221;full&#8221; alignment=&#8221;center&#8221; qode_css_animation=&#8221;&#8221;][vc_column_text]<\/p>\n<h3 style=\"text-align: center;\"><span style=\"color: #ff7800;\">Eficaz em termos de custos<\/span><\/h3>\n<p>[\/vc_column_text][vc_empty_space height=&#8221;15px&#8221;][\/vc_column_inner][\/vc_row_inner][vc_empty_space height=&#8221;100px&#8221;][\/vc_column][\/vc_row][vc_row css_animation=&#8221;&#8221; row_type=&#8221;row&#8221; use_row_as_full_screen_section=&#8221;no&#8221; type=&#8221;full_width&#8221; angled_section=&#8221;no&#8221; text_align=&#8221;left&#8221; background_image_as_pattern=&#8221;without_pattern&#8221; background_color=&#8221;#ffffff&#8221; anchor=&#8221;home&#8221; z_index=&#8221;&#8221;][vc_column css=&#8221;.vc_custom_1657114478090{padding-right: 50px !important;padding-left: 50px !important;}&#8221; offset=&#8221;vc_hidden-lg vc_hidden-md&#8221;][vc_empty_space height=&#8221;100px&#8221;][vc_row_inner row_type=&#8221;row&#8221; type=&#8221;full_width&#8221; text_align=&#8221;left&#8221; css_animation=&#8221;&#8221;][vc_column_inner width=&#8221;1\/4&#8243;][vc_single_image image=&#8221;20928&#8243; img_size=&#8221;full&#8221; alignment=&#8221;center&#8221; qode_css_animation=&#8221;&#8221;][vc_column_text]<\/p>\n<h3 style=\"text-align: center;\"><span style=\"color: #d81f2d;\">R\u00e1pido tempo de retorno<\/span><\/h3>\n<p>[\/vc_column_text][vc_empty_space height=&#8221;15px&#8221;][\/vc_column_inner][vc_column_inner width=&#8221;1\/4&#8243;][vc_single_image image=&#8221;20935&#8243; img_size=&#8221;full&#8221; alignment=&#8221;center&#8221; qode_css_animation=&#8221;&#8221;][vc_column_text]<\/p>\n<h3 style=\"text-align: center;\"><span style=\"color: #3a326d;\">Excelentes propriedades<\/span><\/h3>\n<p>[\/vc_column_text][vc_empty_space height=&#8221;15px&#8221;][\/vc_column_inner][vc_column_inner width=&#8221;1\/4&#8243;][vc_single_image image=&#8221;20942&#8243; img_size=&#8221;full&#8221; alignment=&#8221;center&#8221; qode_css_animation=&#8221;&#8221;][vc_column_text]<\/p>\n<h3 style=\"text-align: center;\"><span style=\"color: #07a260;\">Consist\u00eancia<\/span><\/h3>\n<p>[\/vc_column_text][vc_empty_space height=&#8221;15px&#8221;][\/vc_column_inner][vc_column_inner width=&#8221;1\/4&#8243;][vc_single_image image=&#8221;20949&#8243; img_size=&#8221;full&#8221; alignment=&#8221;center&#8221; qode_css_animation=&#8221;&#8221;][vc_column_text]<\/p>\n<h3 style=\"text-align: center;\"><span style=\"color: #ff7800;\">Eficaz em termos de custos<\/span><\/h3>\n<p>[\/vc_column_text][vc_empty_space height=&#8221;15px&#8221;][\/vc_column_inner][\/vc_row_inner][vc_empty_space height=&#8221;100px&#8221;][\/vc_column][\/vc_row][vc_row css_animation=&#8221;&#8221; row_type=&#8221;row&#8221; use_row_as_full_screen_section=&#8221;no&#8221; type=&#8221;full_width&#8221; angled_section=&#8221;no&#8221; text_align=&#8221;left&#8221; background_image_as_pattern=&#8221;without_pattern&#8221; background_color=&#8221;#ffffff&#8221; anchor=&#8221;home&#8221; z_index=&#8221;&#8221; css=&#8221;.vc_custom_1656316223499{background-image: url(https:\/\/www.coraplast.com\/wp-content\/uploads\/2022\/06\/lets-get-banner.png?id=16368) !important;background-position: center !important;background-repeat: no-repeat !important;background-size: cover !important;}&#8221;][vc_column css=&#8221;.vc_custom_1657031369193{padding-right: 150px !important;padding-left: 150px !important;}&#8221; offset=&#8221;vc_hidden-sm vc_hidden-xs&#8221;][vc_empty_space height=&#8221;100px&#8221;][vc_column_text]<\/p>\n<h3>Vamos ligar-nos.<\/h3>\n<p>[\/vc_column_text][vc_empty_space height=&#8221;25px&#8221;][vc_column_text]<\/p>\n<h4 style=\"text-align: left;\">Contactar a Coraplast para desenvolver Solu\u00e7\u00f5es Espec\u00edficas.<\/h4>\n<p>[\/vc_column_text][vc_empty_space height=&#8221;25px&#8221;]<a  itemprop=\"url\" href=\"https:\/\/www.coraplast.com\/pt-pt\/coraplast-contact\/\" target=\"_self\" data-hover-border-color='#1abc9c' data-hover-color='#000000' class=\"qbutton  large default\" style=\"color: #ffffff; border-color: #1abc9c; background-color: #1abc9c;\">Contacte-nos<\/a>[vc_empty_space height=&#8221;100px&#8221;][\/vc_column][\/vc_row][vc_row css_animation=&#8221;&#8221; row_type=&#8221;row&#8221; use_row_as_full_screen_section=&#8221;no&#8221; type=&#8221;full_width&#8221; angled_section=&#8221;no&#8221; text_align=&#8221;left&#8221; background_image_as_pattern=&#8221;without_pattern&#8221; background_color=&#8221;#ffffff&#8221; anchor=&#8221;home&#8221; z_index=&#8221;&#8221; css=&#8221;.vc_custom_1656316223499{background-image: url(https:\/\/www.coraplast.com\/wp-content\/uploads\/2022\/06\/lets-get-banner.png?id=16368) !important;background-position: center !important;background-repeat: no-repeat !important;background-size: cover !important;}&#8221;][vc_column css=&#8221;.vc_custom_1657031361200{padding-right: 50px !important;padding-left: 50px !important;}&#8221; offset=&#8221;vc_hidden-lg vc_hidden-md&#8221;][vc_empty_space height=&#8221;100px&#8221;][vc_column_text]<\/p>\n<h3>Vamos ligar-nos.<\/h3>\n<p>[\/vc_column_text][vc_empty_space height=&#8221;25px&#8221;][vc_column_text]<\/p>\n<h4 style=\"text-align: left;\">Contactar a Coraplast para desenvolver Solu\u00e7\u00f5es Espec\u00edficas.<\/h4>\n<p>[\/vc_column_text][vc_empty_space height=&#8221;25px&#8221;]<a  itemprop=\"url\" href=\"https:\/\/www.coraplast.com\/pt-pt\/coraplast-contact\/\" target=\"_self\" data-hover-border-color='#1abc9c' data-hover-color='#000000' class=\"qbutton  large default\" style=\"color: #ffffff; border-color: #1abc9c; background-color: #1abc9c;\">Contacte-nos<\/a>[vc_empty_space height=&#8221;100px&#8221;][\/vc_column][\/vc_row][vc_row css_animation=&#8221;&#8221; row_type=&#8221;row&#8221; use_row_as_full_screen_section=&#8221;no&#8221; type=&#8221;full_width&#8221; angled_section=&#8221;no&#8221; text_align=&#8221;left&#8221; background_image_as_pattern=&#8221;without_pattern&#8221;][vc_column][vc_raw_html]JTVCaW5zZXJ0JTIwcGFnZSUzRCUyNzIyNTMyJTI3JTIwZGlzcGxheSUzRCUyN2NvbnRlbnQlMjclNUQ=[\/vc_raw_html][\/vc_column][\/vc_row]<\/p>\n","protected":false},"excerpt":{"rendered":"<p>[vc_row css_animation=&#8221;&#8221; row_type=&#8221;row&#8221; use_row_as_full_screen_section=&#8221;no&#8221; type=&#8221;full_width&#8221; angled_section=&#8221;no&#8221; text_align=&#8221;left&#8221; background_image_as_pattern=&#8221;without_pattern&#8221; background_color=&#8221;#ffffff&#8221; anchor=&#8221;home&#8221; z_index=&#8221;&#8221; css=&#8221;.vc_custom_1656225316001{background-position: center !important;background-repeat: no-repeat !important;background-size: cover !important;}&#8221;][vc_column css=&#8221;.vc_custom_1657114435667{padding-right: 150px !important;padding-left: 150px !important;}&#8221; offset=&#8221;vc_hidden-sm vc_hidden-xs&#8221;][vc_empty_space height=&#8221;100px&#8221;][\/vc_column][\/vc_row][vc_row css_animation=&#8221;&#8221; row_type=&#8221;row&#8221; use_row_as_full_screen_section=&#8221;no&#8221; type=&#8221;full_width&#8221; angled_section=&#8221;no&#8221; text_align=&#8221;left&#8221; background_image_as_pattern=&#8221;without_pattern&#8221; background_color=&#8221;#ffffff&#8221; anchor=&#8221;home&#8221; z_index=&#8221;&#8221; css=&#8221;.vc_custom_1656225316001{background-position: center !important;background-repeat: no-repeat !important;background-size: cover !important;}&#8221;][vc_column][vc_single_image image=&#8221;20176&#8243; img_size=&#8221;full&#8221;&#8230;<\/p>\n","protected":false},"author":1,"featured_media":0,"parent":0,"menu_order":0,"comment_status":"open","ping_status":"open","template":"full_width.php","meta":{"om_disable_all_campaigns":false,"footnotes":""},"class_list":["post-20966","page","type-page","status-publish","hentry"],"yoast_head":"<!-- This site is optimized with the Yoast SEO plugin v27.4 - https:\/\/yoast.com\/product\/yoast-seo-wordpress\/ -->\n<title>Coraplast Industries | Sustainable Plastic Masterbatch &amp; Additive Solutions for Plastics Industries<\/title>\n<meta name=\"robots\" content=\"index, follow, max-snippet:-1, max-image-preview:large, max-video-preview:-1\" \/>\n<link rel=\"canonical\" href=\"https:\/\/www.coraplast.com\/pt-pt\/coraplast-colour-matching-service\/\" \/>\n<meta property=\"og:locale\" content=\"pt_PT\" \/>\n<meta property=\"og:type\" content=\"article\" \/>\n<meta property=\"og:title\" content=\"Coraplast Industries | Sustainable Plastic Masterbatch &amp; Additive Solutions for Plastics Industries\" \/>\n<meta property=\"og:description\" content=\"[vc_row css_animation=&#8221;&#8221; row_type=&#8221;row&#8221; use_row_as_full_screen_section=&#8221;no&#8221; type=&#8221;full_width&#8221; angled_section=&#8221;no&#8221; text_align=&#8221;left&#8221; background_image_as_pattern=&#8221;without_pattern&#8221; background_color=&#8221;#ffffff&#8221; anchor=&#8221;home&#8221; z_index=&#8221;&#8221; css=&#8221;.vc_custom_1656225316001{background-position: center !important;background-repeat: no-repeat !important;background-size: cover !important;}&#8221;][vc_column css=&#8221;.vc_custom_1657114435667{padding-right: 150px !important;padding-left: 150px !important;}&#8221; offset=&#8221;vc_hidden-sm vc_hidden-xs&#8221;][vc_empty_space height=&#8221;100px&#8221;][\/vc_column][\/vc_row][vc_row css_animation=&#8221;&#8221; row_type=&#8221;row&#8221; use_row_as_full_screen_section=&#8221;no&#8221; type=&#8221;full_width&#8221; angled_section=&#8221;no&#8221; text_align=&#8221;left&#8221; background_image_as_pattern=&#8221;without_pattern&#8221; background_color=&#8221;#ffffff&#8221; anchor=&#8221;home&#8221; z_index=&#8221;&#8221; css=&#8221;.vc_custom_1656225316001{background-position: center !important;background-repeat: no-repeat !important;background-size: cover !important;}&#8221;][vc_column][vc_single_image image=&#8221;20176&#8243; img_size=&#8221;full&#8221;...\" \/>\n<meta property=\"og:url\" content=\"https:\/\/www.coraplast.com\/pt-pt\/coraplast-colour-matching-service\/\" \/>\n<meta property=\"og:site_name\" content=\"Coraplast Industries | Sustainable Plastic Masterbatch &amp; Additive Solutions for Plastics Industries\" \/>\n<meta property=\"article:modified_time\" content=\"2022-08-11T12:54:18+00:00\" \/>\n<meta name=\"twitter:card\" content=\"summary_large_image\" \/>\n<meta name=\"twitter:label1\" content=\"Tempo estimado de leitura\" \/>\n\t<meta name=\"twitter:data1\" content=\"3 minutos\" \/>\n<script type=\"application\/ld+json\" class=\"yoast-schema-graph\">{\"@context\":\"https:\\\/\\\/schema.org\",\"@graph\":[{\"@type\":\"WebPage\",\"@id\":\"https:\\\/\\\/www.coraplast.com\\\/pt-pt\\\/coraplast-colour-matching-service\\\/\",\"url\":\"https:\\\/\\\/www.coraplast.com\\\/pt-pt\\\/coraplast-colour-matching-service\\\/\",\"name\":\"Coraplast Industries | Sustainable Plastic Masterbatch &amp; Additive Solutions for Plastics Industries\",\"isPartOf\":{\"@id\":\"https:\\\/\\\/www.coraplast.com\\\/#website\"},\"datePublished\":\"2022-06-29T20:10:58+00:00\",\"dateModified\":\"2022-08-11T12:54:18+00:00\",\"breadcrumb\":{\"@id\":\"https:\\\/\\\/www.coraplast.com\\\/pt-pt\\\/coraplast-colour-matching-service\\\/#breadcrumb\"},\"inLanguage\":\"pt-PT\",\"potentialAction\":[{\"@type\":\"ReadAction\",\"target\":[\"https:\\\/\\\/www.coraplast.com\\\/pt-pt\\\/coraplast-colour-matching-service\\\/\"]}]},{\"@type\":\"BreadcrumbList\",\"@id\":\"https:\\\/\\\/www.coraplast.com\\\/pt-pt\\\/coraplast-colour-matching-service\\\/#breadcrumb\",\"itemListElement\":[{\"@type\":\"ListItem\",\"position\":1,\"name\":\"Home\",\"item\":\"https:\\\/\\\/www.coraplast.com\\\/pt-pt\\\/\"},{\"@type\":\"ListItem\",\"position\":2,\"name\":\"Coraplast Colour Matching Service\"}]},{\"@type\":\"WebSite\",\"@id\":\"https:\\\/\\\/www.coraplast.com\\\/#website\",\"url\":\"https:\\\/\\\/www.coraplast.com\\\/\",\"name\":\"Coraplast Industries | Sustainable Plastic Masterbatch & Additive Solutions for Plastics Industries\",\"description\":\"A top masterbatch manufacturer in India. We deliver high\u2011quality colour, white, black &amp; additive masterbatches for industries like packaging, textiles, agriculture &amp; appliances. Compliance\u2011driven, sustainable and custom colour matching with global reach.\",\"potentialAction\":[{\"@type\":\"SearchAction\",\"target\":{\"@type\":\"EntryPoint\",\"urlTemplate\":\"https:\\\/\\\/www.coraplast.com\\\/?s={search_term_string}\"},\"query-input\":{\"@type\":\"PropertyValueSpecification\",\"valueRequired\":true,\"valueName\":\"search_term_string\"}}],\"inLanguage\":\"pt-PT\"}]}<\/script>\n<!-- \/ Yoast SEO plugin. -->","yoast_head_json":{"title":"Coraplast Industries | Sustainable Plastic Masterbatch &amp; Additive Solutions for Plastics Industries","robots":{"index":"index","follow":"follow","max-snippet":"max-snippet:-1","max-image-preview":"max-image-preview:large","max-video-preview":"max-video-preview:-1"},"canonical":"https:\/\/www.coraplast.com\/pt-pt\/coraplast-colour-matching-service\/","og_locale":"pt_PT","og_type":"article","og_title":"Coraplast Industries | Sustainable Plastic Masterbatch &amp; Additive Solutions for Plastics Industries","og_description":"[vc_row css_animation=&#8221;&#8221; row_type=&#8221;row&#8221; use_row_as_full_screen_section=&#8221;no&#8221; type=&#8221;full_width&#8221; angled_section=&#8221;no&#8221; text_align=&#8221;left&#8221; background_image_as_pattern=&#8221;without_pattern&#8221; background_color=&#8221;#ffffff&#8221; anchor=&#8221;home&#8221; z_index=&#8221;&#8221; css=&#8221;.vc_custom_1656225316001{background-position: center !important;background-repeat: no-repeat !important;background-size: cover !important;}&#8221;][vc_column css=&#8221;.vc_custom_1657114435667{padding-right: 150px !important;padding-left: 150px !important;}&#8221; offset=&#8221;vc_hidden-sm vc_hidden-xs&#8221;][vc_empty_space height=&#8221;100px&#8221;][\/vc_column][\/vc_row][vc_row css_animation=&#8221;&#8221; row_type=&#8221;row&#8221; use_row_as_full_screen_section=&#8221;no&#8221; type=&#8221;full_width&#8221; angled_section=&#8221;no&#8221; text_align=&#8221;left&#8221; background_image_as_pattern=&#8221;without_pattern&#8221; background_color=&#8221;#ffffff&#8221; anchor=&#8221;home&#8221; z_index=&#8221;&#8221; css=&#8221;.vc_custom_1656225316001{background-position: center !important;background-repeat: no-repeat !important;background-size: cover !important;}&#8221;][vc_column][vc_single_image image=&#8221;20176&#8243; img_size=&#8221;full&#8221;...","og_url":"https:\/\/www.coraplast.com\/pt-pt\/coraplast-colour-matching-service\/","og_site_name":"Coraplast Industries | Sustainable Plastic Masterbatch &amp; Additive Solutions for Plastics Industries","article_modified_time":"2022-08-11T12:54:18+00:00","twitter_card":"summary_large_image","twitter_misc":{"Tempo estimado de leitura":"3 minutos"},"schema":{"@context":"https:\/\/schema.org","@graph":[{"@type":"WebPage","@id":"https:\/\/www.coraplast.com\/pt-pt\/coraplast-colour-matching-service\/","url":"https:\/\/www.coraplast.com\/pt-pt\/coraplast-colour-matching-service\/","name":"Coraplast Industries | Sustainable Plastic Masterbatch &amp; Additive Solutions for Plastics Industries","isPartOf":{"@id":"https:\/\/www.coraplast.com\/#website"},"datePublished":"2022-06-29T20:10:58+00:00","dateModified":"2022-08-11T12:54:18+00:00","breadcrumb":{"@id":"https:\/\/www.coraplast.com\/pt-pt\/coraplast-colour-matching-service\/#breadcrumb"},"inLanguage":"pt-PT","potentialAction":[{"@type":"ReadAction","target":["https:\/\/www.coraplast.com\/pt-pt\/coraplast-colour-matching-service\/"]}]},{"@type":"BreadcrumbList","@id":"https:\/\/www.coraplast.com\/pt-pt\/coraplast-colour-matching-service\/#breadcrumb","itemListElement":[{"@type":"ListItem","position":1,"name":"Home","item":"https:\/\/www.coraplast.com\/pt-pt\/"},{"@type":"ListItem","position":2,"name":"Coraplast Colour Matching Service"}]},{"@type":"WebSite","@id":"https:\/\/www.coraplast.com\/#website","url":"https:\/\/www.coraplast.com\/","name":"Coraplast Industries | Sustainable Plastic Masterbatch & Additive Solutions for Plastics Industries","description":"A top masterbatch manufacturer in India. We deliver high\u2011quality colour, white, black &amp; additive masterbatches for industries like packaging, textiles, agriculture &amp; appliances. Compliance\u2011driven, sustainable and custom colour matching with global reach.","potentialAction":[{"@type":"SearchAction","target":{"@type":"EntryPoint","urlTemplate":"https:\/\/www.coraplast.com\/?s={search_term_string}"},"query-input":{"@type":"PropertyValueSpecification","valueRequired":true,"valueName":"search_term_string"}}],"inLanguage":"pt-PT"}]}},"_links":{"self":[{"href":"https:\/\/www.coraplast.com\/pt-pt\/wp-json\/wp\/v2\/pages\/20966","targetHints":{"allow":["GET"]}}],"collection":[{"href":"https:\/\/www.coraplast.com\/pt-pt\/wp-json\/wp\/v2\/pages"}],"about":[{"href":"https:\/\/www.coraplast.com\/pt-pt\/wp-json\/wp\/v2\/types\/page"}],"author":[{"embeddable":true,"href":"https:\/\/www.coraplast.com\/pt-pt\/wp-json\/wp\/v2\/users\/1"}],"replies":[{"embeddable":true,"href":"https:\/\/www.coraplast.com\/pt-pt\/wp-json\/wp\/v2\/comments?post=20966"}],"version-history":[{"count":0,"href":"https:\/\/www.coraplast.com\/pt-pt\/wp-json\/wp\/v2\/pages\/20966\/revisions"}],"wp:attachment":[{"href":"https:\/\/www.coraplast.com\/pt-pt\/wp-json\/wp\/v2\/media?parent=20966"}],"curies":[{"name":"wp","href":"https:\/\/api.w.org\/{rel}","templated":true}]}}