{"id":21054,"date":"2022-06-30T16:35:34","date_gmt":"2022-06-30T16:35:34","guid":{"rendered":"https:\/\/www.coraplast.com\/coraplast-ambition-purpose\/"},"modified":"2022-08-01T20:28:40","modified_gmt":"2022-08-01T20:28:40","slug":"coraplast-ambition-purpose","status":"publish","type":"page","link":"https:\/\/www.coraplast.com\/pt-pt\/coraplast-ambition-purpose\/","title":{"rendered":"Coraplast Ambition &#038; Purpose"},"content":{"rendered":"<p>[vc_row css_animation=&#8221;&#8221; row_type=&#8221;row&#8221; use_row_as_full_screen_section=&#8221;no&#8221; type=&#8221;full_width&#8221; angled_section=&#8221;no&#8221; text_align=&#8221;left&#8221; background_image_as_pattern=&#8221;without_pattern&#8221; background_color=&#8221;#ffffff&#8221; anchor=&#8221;home&#8221; z_index=&#8221;&#8221; css=&#8221;.vc_custom_1656225316001{background-position: center !important;background-repeat: no-repeat !important;background-size: cover !important;}&#8221;][vc_column css=&#8221;.vc_custom_1657042449197{padding-right: 150px !important;padding-left: 150px !important;}&#8221; offset=&#8221;vc_hidden-sm vc_hidden-xs&#8221;][vc_empty_space height=&#8221;100px&#8221;][\/vc_column][\/vc_row][vc_row css_animation=&#8221;&#8221; row_type=&#8221;row&#8221; use_row_as_full_screen_section=&#8221;no&#8221; type=&#8221;full_width&#8221; angled_section=&#8221;no&#8221; text_align=&#8221;left&#8221; background_image_as_pattern=&#8221;without_pattern&#8221; background_color=&#8221;#ffffff&#8221; anchor=&#8221;home&#8221; z_index=&#8221;&#8221; css=&#8221;.vc_custom_1656225316001{background-position: center !important;background-repeat: no-repeat !important;background-size: cover !important;}&#8221;][vc_column][vc_single_image image=&#8221;20182&#8243; img_size=&#8221;full&#8221; qode_css_animation=&#8221;&#8221;][\/vc_column][\/vc_row][vc_row css_animation=&#8221;&#8221; row_type=&#8221;row&#8221; use_row_as_full_screen_section=&#8221;no&#8221; type=&#8221;full_width&#8221; angled_section=&#8221;no&#8221; text_align=&#8221;left&#8221; background_image_as_pattern=&#8221;without_pattern&#8221; background_color=&#8221;#ffffff&#8221; anchor=&#8221;home&#8221; z_index=&#8221;&#8221; css=&#8221;.vc_custom_1656225316001{background-position: center !important;background-repeat: no-repeat !important;background-size: cover !important;}&#8221;][vc_column css=&#8221;.vc_custom_1657116470064{padding-right: 150px !important;padding-left: 150px !important;}&#8221; offset=&#8221;vc_hidden-sm vc_hidden-xs&#8221;][vc_empty_space height=&#8221;100px&#8221;][vc_column_text]<\/p>\n<h2 style=\"text-align: left;\">Ambi\u00e7\u00e3o &amp; Finalidade<\/h2>\n<p>[\/vc_column_text][vc_empty_space height=&#8221;50px&#8221;][\/vc_column][\/vc_row][vc_row css_animation=&#8221;&#8221; row_type=&#8221;row&#8221; use_row_as_full_screen_section=&#8221;no&#8221; type=&#8221;full_width&#8221; angled_section=&#8221;no&#8221; text_align=&#8221;left&#8221; background_image_as_pattern=&#8221;without_pattern&#8221; background_color=&#8221;#ffffff&#8221; anchor=&#8221;home&#8221; z_index=&#8221;&#8221; css=&#8221;.vc_custom_1656225316001{background-position: center !important;background-repeat: no-repeat !important;background-size: cover !important;}&#8221;][vc_column css=&#8221;.vc_custom_1657116578695{padding-right: 50px !important;padding-left: 50px !important;}&#8221; offset=&#8221;vc_hidden-lg vc_hidden-md&#8221;][vc_empty_space height=&#8221;100px&#8221;][vc_column_text]<\/p>\n<h2 style=\"text-align: left;\">Ambi\u00e7\u00e3o &amp; Finalidade<\/h2>\n<p>[\/vc_column_text][vc_empty_space height=&#8221;50px&#8221;][\/vc_column][\/vc_row][vc_row css_animation=&#8221;&#8221; row_type=&#8221;row&#8221; use_row_as_full_screen_section=&#8221;no&#8221; type=&#8221;full_width&#8221; angled_section=&#8221;no&#8221; text_align=&#8221;left&#8221; background_image_as_pattern=&#8221;without_pattern&#8221; background_color=&#8221;#ffffff&#8221; anchor=&#8221;home&#8221; z_index=&#8221;&#8221;][vc_column css=&#8221;.vc_custom_1657116495062{padding-right: 150px !important;padding-left: 150px !important;}&#8221; offset=&#8221;vc_hidden-sm vc_hidden-xs&#8221;][vc_row_inner row_type=&#8221;row&#8221; type=&#8221;full_width&#8221; text_align=&#8221;left&#8221; css_animation=&#8221;&#8221;][vc_column_inner width=&#8221;1\/6&#8243;][vc_single_image image=&#8221;20194&#8243; qode_css_animation=&#8221;&#8221;][\/vc_column_inner][vc_column_inner width=&#8221;5\/6&#8243;][vc_empty_space height=&#8221;50px&#8221;][vc_column_text]<\/p>\n<h4>Ser Inovador, Cliente &#8211; Centrado, L\u00edder e o mais respeitado na \u00cdndia e a n\u00edvel mundial.<\/h4>\n<p>[\/vc_column_text][\/vc_column_inner][\/vc_row_inner][vc_empty_space height=&#8221;50px&#8221;][vc_row_inner row_type=&#8221;row&#8221; type=&#8221;full_width&#8221; text_align=&#8221;left&#8221; css_animation=&#8221;&#8221;][vc_column_inner width=&#8221;1\/6&#8243;][vc_single_image image=&#8221;20188&#8243; qode_css_animation=&#8221;&#8221;][\/vc_column_inner][vc_column_inner width=&#8221;5\/6&#8243;][vc_empty_space height=&#8221;50px&#8221;][vc_column_text]<\/p>\n<h4>Melhorar as aplica\u00e7\u00f5es e produtos dos nossos clientes com as nossas solu\u00e7\u00f5es inovadoras, eficientes e sustent\u00e1veis, criando valor de ponta para o mercado dos nossos clientes.<\/h4>\n<p>[\/vc_column_text][\/vc_column_inner][\/vc_row_inner][vc_empty_space height=&#8221;100px&#8221;][\/vc_column][\/vc_row][vc_row css_animation=&#8221;&#8221; row_type=&#8221;row&#8221; use_row_as_full_screen_section=&#8221;no&#8221; type=&#8221;full_width&#8221; angled_section=&#8221;no&#8221; text_align=&#8221;left&#8221; background_image_as_pattern=&#8221;without_pattern&#8221; background_color=&#8221;#ffffff&#8221; anchor=&#8221;home&#8221; z_index=&#8221;&#8221;][vc_column css=&#8221;.vc_custom_1657116507847{padding-right: 50px !important;padding-left: 50px !important;}&#8221; offset=&#8221;vc_hidden-lg vc_hidden-md&#8221;][vc_row_inner row_type=&#8221;row&#8221; type=&#8221;full_width&#8221; text_align=&#8221;left&#8221; css_animation=&#8221;&#8221;][vc_column_inner width=&#8221;1\/6&#8243;][vc_single_image image=&#8221;20194&#8243; alignment=&#8221;center&#8221; qode_css_animation=&#8221;&#8221;][\/vc_column_inner][vc_column_inner width=&#8221;5\/6&#8243;][vc_empty_space height=&#8221;50px&#8221;][vc_column_text]<\/p>\n<h4>Ser Inovador, Cliente &#8211; Centrado, L\u00edder e o mais respeitado na \u00cdndia e a n\u00edvel mundial.<\/h4>\n<p>[\/vc_column_text][\/vc_column_inner][\/vc_row_inner][vc_empty_space height=&#8221;50px&#8221;][vc_row_inner row_type=&#8221;row&#8221; type=&#8221;full_width&#8221; text_align=&#8221;left&#8221; css_animation=&#8221;&#8221;][vc_column_inner width=&#8221;1\/6&#8243;][vc_single_image image=&#8221;20188&#8243; alignment=&#8221;center&#8221; qode_css_animation=&#8221;&#8221;][\/vc_column_inner][vc_column_inner width=&#8221;5\/6&#8243;][vc_empty_space height=&#8221;50px&#8221;][vc_column_text]<\/p>\n<h4>Melhorar as aplica\u00e7\u00f5es e produtos dos nossos clientes com as nossas solu\u00e7\u00f5es inovadoras, eficientes e sustent\u00e1veis, criando valor de ponta para o mercado dos nossos clientes.<\/h4>\n<p>[\/vc_column_text][\/vc_column_inner][\/vc_row_inner][vc_empty_space height=&#8221;100px&#8221;][\/vc_column][\/vc_row][vc_row css_animation=&#8221;&#8221; row_type=&#8221;row&#8221; use_row_as_full_screen_section=&#8221;no&#8221; type=&#8221;full_width&#8221; angled_section=&#8221;no&#8221; text_align=&#8221;left&#8221; background_image_as_pattern=&#8221;without_pattern&#8221; background_color=&#8221;#ffffff&#8221; anchor=&#8221;home&#8221; z_index=&#8221;&#8221; css=&#8221;.vc_custom_1656316223499{background-image: url(https:\/\/www.coraplast.com\/wp-content\/uploads\/2022\/06\/lets-get-banner.png?id=16368) !important;background-position: center !important;background-repeat: no-repeat !important;background-size: cover !important;}&#8221;][vc_column css=&#8221;.vc_custom_1657031369193{padding-right: 150px !important;padding-left: 150px !important;}&#8221; offset=&#8221;vc_hidden-sm vc_hidden-xs&#8221;][vc_empty_space height=&#8221;100px&#8221;][vc_column_text]<\/p>\n<h3>Vamos ligar-nos.<\/h3>\n<p>[\/vc_column_text][vc_empty_space height=&#8221;25px&#8221;][vc_column_text]<\/p>\n<h4 style=\"text-align: left;\">Contactar a Coraplast para desenvolver Solu\u00e7\u00f5es Espec\u00edficas.<\/h4>\n<p>[\/vc_column_text][vc_empty_space height=&#8221;25px&#8221;]<a  itemprop=\"url\" href=\"https:\/\/www.coraplast.com\/pt-pt\/coraplast-contact\/\" target=\"_self\" data-hover-border-color='#1abc9c' data-hover-color='#000000' class=\"qbutton  large default\" style=\"color: #ffffff; border-color: #1abc9c; background-color: #1abc9c;\">Contacte-nos<\/a>[vc_empty_space height=&#8221;100px&#8221;][\/vc_column][\/vc_row][vc_row css_animation=&#8221;&#8221; row_type=&#8221;row&#8221; use_row_as_full_screen_section=&#8221;no&#8221; type=&#8221;full_width&#8221; angled_section=&#8221;no&#8221; text_align=&#8221;left&#8221; background_image_as_pattern=&#8221;without_pattern&#8221; background_color=&#8221;#ffffff&#8221; anchor=&#8221;home&#8221; z_index=&#8221;&#8221; css=&#8221;.vc_custom_1656316223499{background-image: url(https:\/\/www.coraplast.com\/wp-content\/uploads\/2022\/06\/lets-get-banner.png?id=16368) !important;background-position: center !important;background-repeat: no-repeat !important;background-size: cover !important;}&#8221;][vc_column css=&#8221;.vc_custom_1657031361200{padding-right: 50px !important;padding-left: 50px !important;}&#8221; offset=&#8221;vc_hidden-lg vc_hidden-md&#8221;][vc_empty_space height=&#8221;100px&#8221;][vc_column_text]<\/p>\n<h3>Vamos ligar-nos.<\/h3>\n<p>[\/vc_column_text][vc_empty_space height=&#8221;25px&#8221;][vc_column_text]<\/p>\n<h4 style=\"text-align: left;\">Contactar a Coraplast para desenvolver Solu\u00e7\u00f5es Espec\u00edficas.<\/h4>\n<p>[\/vc_column_text][vc_empty_space height=&#8221;25px&#8221;]<a  itemprop=\"url\" href=\"https:\/\/www.coraplast.com\/pt-pt\/coraplast-contact\/\" target=\"_self\" data-hover-border-color='#1abc9c' data-hover-color='#000000' class=\"qbutton  large default\" style=\"color: #ffffff; border-color: #1abc9c; background-color: #1abc9c;\">Contacte-nos<\/a>[vc_empty_space height=&#8221;100px&#8221;][\/vc_column][\/vc_row][vc_row css_animation=&#8221;&#8221; row_type=&#8221;row&#8221; use_row_as_full_screen_section=&#8221;no&#8221; type=&#8221;full_width&#8221; angled_section=&#8221;no&#8221; text_align=&#8221;left&#8221; background_image_as_pattern=&#8221;without_pattern&#8221;][vc_column][vc_raw_html]JTVCaW5zZXJ0JTIwcGFnZSUzRCUyNzIyNTMyJTI3JTIwZGlzcGxheSUzRCUyN2NvbnRlbnQlMjclNUQ=[\/vc_raw_html][\/vc_column][\/vc_row]<\/p>\n","protected":false},"excerpt":{"rendered":"<p>[vc_row css_animation=&#8221;&#8221; row_type=&#8221;row&#8221; use_row_as_full_screen_section=&#8221;no&#8221; type=&#8221;full_width&#8221; angled_section=&#8221;no&#8221; text_align=&#8221;left&#8221; background_image_as_pattern=&#8221;without_pattern&#8221; background_color=&#8221;#ffffff&#8221; anchor=&#8221;home&#8221; z_index=&#8221;&#8221; css=&#8221;.vc_custom_1656225316001{background-position: center !important;background-repeat: no-repeat !important;background-size: cover !important;}&#8221;][vc_column css=&#8221;.vc_custom_1657042449197{padding-right: 150px !important;padding-left: 150px !important;}&#8221; offset=&#8221;vc_hidden-sm vc_hidden-xs&#8221;][vc_empty_space height=&#8221;100px&#8221;][\/vc_column][\/vc_row][vc_row css_animation=&#8221;&#8221; row_type=&#8221;row&#8221; use_row_as_full_screen_section=&#8221;no&#8221; type=&#8221;full_width&#8221; angled_section=&#8221;no&#8221; text_align=&#8221;left&#8221; background_image_as_pattern=&#8221;without_pattern&#8221; background_color=&#8221;#ffffff&#8221; anchor=&#8221;home&#8221; z_index=&#8221;&#8221; css=&#8221;.vc_custom_1656225316001{background-position: center !important;background-repeat: no-repeat !important;background-size: cover !important;}&#8221;][vc_column][vc_single_image image=&#8221;20182&#8243; img_size=&#8221;full&#8221;&#8230;<\/p>\n","protected":false},"author":1,"featured_media":0,"parent":0,"menu_order":0,"comment_status":"open","ping_status":"open","template":"full_width.php","meta":{"om_disable_all_campaigns":false,"footnotes":""},"class_list":["post-21054","page","type-page","status-publish","hentry"],"yoast_head":"<!-- This site is optimized with the Yoast SEO plugin v27.4 - https:\/\/yoast.com\/product\/yoast-seo-wordpress\/ -->\n<title>Coraplast Industries | Sustainable Plastic Masterbatch &amp; Additive Solutions for Plastics Industries<\/title>\n<meta name=\"robots\" content=\"index, follow, max-snippet:-1, max-image-preview:large, max-video-preview:-1\" \/>\n<link rel=\"canonical\" href=\"https:\/\/www.coraplast.com\/pt-pt\/coraplast-ambition-purpose\/\" \/>\n<meta property=\"og:locale\" content=\"pt_PT\" \/>\n<meta property=\"og:type\" content=\"article\" \/>\n<meta property=\"og:title\" content=\"Coraplast Industries | Sustainable Plastic Masterbatch &amp; Additive Solutions for Plastics Industries\" \/>\n<meta property=\"og:description\" content=\"[vc_row css_animation=&#8221;&#8221; row_type=&#8221;row&#8221; use_row_as_full_screen_section=&#8221;no&#8221; type=&#8221;full_width&#8221; angled_section=&#8221;no&#8221; text_align=&#8221;left&#8221; background_image_as_pattern=&#8221;without_pattern&#8221; background_color=&#8221;#ffffff&#8221; anchor=&#8221;home&#8221; z_index=&#8221;&#8221; css=&#8221;.vc_custom_1656225316001{background-position: center !important;background-repeat: no-repeat !important;background-size: cover !important;}&#8221;][vc_column css=&#8221;.vc_custom_1657042449197{padding-right: 150px !important;padding-left: 150px !important;}&#8221; offset=&#8221;vc_hidden-sm vc_hidden-xs&#8221;][vc_empty_space height=&#8221;100px&#8221;][\/vc_column][\/vc_row][vc_row css_animation=&#8221;&#8221; row_type=&#8221;row&#8221; use_row_as_full_screen_section=&#8221;no&#8221; type=&#8221;full_width&#8221; angled_section=&#8221;no&#8221; text_align=&#8221;left&#8221; background_image_as_pattern=&#8221;without_pattern&#8221; background_color=&#8221;#ffffff&#8221; anchor=&#8221;home&#8221; z_index=&#8221;&#8221; css=&#8221;.vc_custom_1656225316001{background-position: center !important;background-repeat: no-repeat !important;background-size: cover !important;}&#8221;][vc_column][vc_single_image image=&#8221;20182&#8243; img_size=&#8221;full&#8221;...\" \/>\n<meta property=\"og:url\" content=\"https:\/\/www.coraplast.com\/pt-pt\/coraplast-ambition-purpose\/\" \/>\n<meta property=\"og:site_name\" content=\"Coraplast Industries | Sustainable Plastic Masterbatch &amp; Additive Solutions for Plastics Industries\" \/>\n<meta property=\"article:modified_time\" content=\"2022-08-01T20:28:40+00:00\" \/>\n<meta name=\"twitter:card\" content=\"summary_large_image\" \/>\n<meta name=\"twitter:label1\" content=\"Tempo estimado de leitura\" \/>\n\t<meta name=\"twitter:data1\" content=\"2 minutos\" \/>\n<script type=\"application\/ld+json\" class=\"yoast-schema-graph\">{\"@context\":\"https:\\\/\\\/schema.org\",\"@graph\":[{\"@type\":\"WebPage\",\"@id\":\"https:\\\/\\\/www.coraplast.com\\\/pt-pt\\\/coraplast-ambition-purpose\\\/\",\"url\":\"https:\\\/\\\/www.coraplast.com\\\/pt-pt\\\/coraplast-ambition-purpose\\\/\",\"name\":\"Coraplast Industries | Sustainable Plastic Masterbatch &amp; Additive Solutions for Plastics Industries\",\"isPartOf\":{\"@id\":\"https:\\\/\\\/www.coraplast.com\\\/#website\"},\"datePublished\":\"2022-06-30T16:35:34+00:00\",\"dateModified\":\"2022-08-01T20:28:40+00:00\",\"breadcrumb\":{\"@id\":\"https:\\\/\\\/www.coraplast.com\\\/pt-pt\\\/coraplast-ambition-purpose\\\/#breadcrumb\"},\"inLanguage\":\"pt-PT\",\"potentialAction\":[{\"@type\":\"ReadAction\",\"target\":[\"https:\\\/\\\/www.coraplast.com\\\/pt-pt\\\/coraplast-ambition-purpose\\\/\"]}]},{\"@type\":\"BreadcrumbList\",\"@id\":\"https:\\\/\\\/www.coraplast.com\\\/pt-pt\\\/coraplast-ambition-purpose\\\/#breadcrumb\",\"itemListElement\":[{\"@type\":\"ListItem\",\"position\":1,\"name\":\"Home\",\"item\":\"https:\\\/\\\/www.coraplast.com\\\/pt-pt\\\/\"},{\"@type\":\"ListItem\",\"position\":2,\"name\":\"Coraplast Ambition &#038; Purpose\"}]},{\"@type\":\"WebSite\",\"@id\":\"https:\\\/\\\/www.coraplast.com\\\/#website\",\"url\":\"https:\\\/\\\/www.coraplast.com\\\/\",\"name\":\"Coraplast Industries | Sustainable Plastic Masterbatch & Additive Solutions for Plastics Industries\",\"description\":\"A top masterbatch manufacturer in India. We deliver high\u2011quality colour, white, black &amp; additive masterbatches for industries like packaging, textiles, agriculture &amp; appliances. Compliance\u2011driven, sustainable and custom colour matching with global reach.\",\"potentialAction\":[{\"@type\":\"SearchAction\",\"target\":{\"@type\":\"EntryPoint\",\"urlTemplate\":\"https:\\\/\\\/www.coraplast.com\\\/?s={search_term_string}\"},\"query-input\":{\"@type\":\"PropertyValueSpecification\",\"valueRequired\":true,\"valueName\":\"search_term_string\"}}],\"inLanguage\":\"pt-PT\"}]}<\/script>\n<!-- \/ Yoast SEO plugin. -->","yoast_head_json":{"title":"Coraplast Industries | Sustainable Plastic Masterbatch &amp; Additive Solutions for Plastics Industries","robots":{"index":"index","follow":"follow","max-snippet":"max-snippet:-1","max-image-preview":"max-image-preview:large","max-video-preview":"max-video-preview:-1"},"canonical":"https:\/\/www.coraplast.com\/pt-pt\/coraplast-ambition-purpose\/","og_locale":"pt_PT","og_type":"article","og_title":"Coraplast Industries | Sustainable Plastic Masterbatch &amp; Additive Solutions for Plastics Industries","og_description":"[vc_row css_animation=&#8221;&#8221; row_type=&#8221;row&#8221; use_row_as_full_screen_section=&#8221;no&#8221; type=&#8221;full_width&#8221; angled_section=&#8221;no&#8221; text_align=&#8221;left&#8221; background_image_as_pattern=&#8221;without_pattern&#8221; background_color=&#8221;#ffffff&#8221; anchor=&#8221;home&#8221; z_index=&#8221;&#8221; css=&#8221;.vc_custom_1656225316001{background-position: center !important;background-repeat: no-repeat !important;background-size: cover !important;}&#8221;][vc_column css=&#8221;.vc_custom_1657042449197{padding-right: 150px !important;padding-left: 150px !important;}&#8221; offset=&#8221;vc_hidden-sm vc_hidden-xs&#8221;][vc_empty_space height=&#8221;100px&#8221;][\/vc_column][\/vc_row][vc_row css_animation=&#8221;&#8221; row_type=&#8221;row&#8221; use_row_as_full_screen_section=&#8221;no&#8221; type=&#8221;full_width&#8221; angled_section=&#8221;no&#8221; text_align=&#8221;left&#8221; background_image_as_pattern=&#8221;without_pattern&#8221; background_color=&#8221;#ffffff&#8221; anchor=&#8221;home&#8221; z_index=&#8221;&#8221; css=&#8221;.vc_custom_1656225316001{background-position: center !important;background-repeat: no-repeat !important;background-size: cover !important;}&#8221;][vc_column][vc_single_image image=&#8221;20182&#8243; img_size=&#8221;full&#8221;...","og_url":"https:\/\/www.coraplast.com\/pt-pt\/coraplast-ambition-purpose\/","og_site_name":"Coraplast Industries | Sustainable Plastic Masterbatch &amp; Additive Solutions for Plastics Industries","article_modified_time":"2022-08-01T20:28:40+00:00","twitter_card":"summary_large_image","twitter_misc":{"Tempo estimado de leitura":"2 minutos"},"schema":{"@context":"https:\/\/schema.org","@graph":[{"@type":"WebPage","@id":"https:\/\/www.coraplast.com\/pt-pt\/coraplast-ambition-purpose\/","url":"https:\/\/www.coraplast.com\/pt-pt\/coraplast-ambition-purpose\/","name":"Coraplast Industries | Sustainable Plastic Masterbatch &amp; Additive Solutions for Plastics Industries","isPartOf":{"@id":"https:\/\/www.coraplast.com\/#website"},"datePublished":"2022-06-30T16:35:34+00:00","dateModified":"2022-08-01T20:28:40+00:00","breadcrumb":{"@id":"https:\/\/www.coraplast.com\/pt-pt\/coraplast-ambition-purpose\/#breadcrumb"},"inLanguage":"pt-PT","potentialAction":[{"@type":"ReadAction","target":["https:\/\/www.coraplast.com\/pt-pt\/coraplast-ambition-purpose\/"]}]},{"@type":"BreadcrumbList","@id":"https:\/\/www.coraplast.com\/pt-pt\/coraplast-ambition-purpose\/#breadcrumb","itemListElement":[{"@type":"ListItem","position":1,"name":"Home","item":"https:\/\/www.coraplast.com\/pt-pt\/"},{"@type":"ListItem","position":2,"name":"Coraplast Ambition &#038; Purpose"}]},{"@type":"WebSite","@id":"https:\/\/www.coraplast.com\/#website","url":"https:\/\/www.coraplast.com\/","name":"Coraplast Industries | Sustainable Plastic Masterbatch & Additive Solutions for Plastics Industries","description":"A top masterbatch manufacturer in India. We deliver high\u2011quality colour, white, black &amp; additive masterbatches for industries like packaging, textiles, agriculture &amp; appliances. Compliance\u2011driven, sustainable and custom colour matching with global reach.","potentialAction":[{"@type":"SearchAction","target":{"@type":"EntryPoint","urlTemplate":"https:\/\/www.coraplast.com\/?s={search_term_string}"},"query-input":{"@type":"PropertyValueSpecification","valueRequired":true,"valueName":"search_term_string"}}],"inLanguage":"pt-PT"}]}},"_links":{"self":[{"href":"https:\/\/www.coraplast.com\/pt-pt\/wp-json\/wp\/v2\/pages\/21054","targetHints":{"allow":["GET"]}}],"collection":[{"href":"https:\/\/www.coraplast.com\/pt-pt\/wp-json\/wp\/v2\/pages"}],"about":[{"href":"https:\/\/www.coraplast.com\/pt-pt\/wp-json\/wp\/v2\/types\/page"}],"author":[{"embeddable":true,"href":"https:\/\/www.coraplast.com\/pt-pt\/wp-json\/wp\/v2\/users\/1"}],"replies":[{"embeddable":true,"href":"https:\/\/www.coraplast.com\/pt-pt\/wp-json\/wp\/v2\/comments?post=21054"}],"version-history":[{"count":0,"href":"https:\/\/www.coraplast.com\/pt-pt\/wp-json\/wp\/v2\/pages\/21054\/revisions"}],"wp:attachment":[{"href":"https:\/\/www.coraplast.com\/pt-pt\/wp-json\/wp\/v2\/media?parent=21054"}],"curies":[{"name":"wp","href":"https:\/\/api.w.org\/{rel}","templated":true}]}}